{"id":1345,"date":"2026-01-06T15:17:55","date_gmt":"2026-01-06T15:17:55","guid":{"rendered":"https:\/\/piesendorf.layout-idee.de\/?page_id=1345"},"modified":"2026-03-15T10:25:47","modified_gmt":"2026-03-15T10:25:47","slug":"hiking-and-more","status":"publish","type":"page","link":"https:\/\/www.hauspiesendorf.com\/en\/wandern-und-mehr\/","title":{"rendered":"Hiking and more"},"content":{"rendered":"<div data-elementor-type=\"wp-page\" data-elementor-id=\"1345\" class=\"elementor elementor-1345\" data-elementor-post-type=\"page\">\n\t\t\t\t<div class=\"elementor-element elementor-element-5a0de1b1 e-con-full e-flex e-con e-parent\" data-id=\"5a0de1b1\" data-element_type=\"container\" data-e-type=\"container\" data-settings=\"{&quot;background_background&quot;:&quot;classic&quot;}\">\n\t\t\t\t<div class=\"elementor-element elementor-element-7e2edb96 elementor-widget elementor-widget-heading\" data-id=\"7e2edb96\" data-element_type=\"widget\" data-e-type=\"widget\" data-widget_type=\"heading.default\">\n\t\t\t\t\t<h2 class=\"elementor-heading-title elementor-size-default\">Hiking holiday in Zell am See<\/h2>\t\t\t\t<\/div>\n\t\t\t\t<\/div>\n\t\t<div class=\"elementor-element elementor-element-d618399 e-con-full e-flex e-con e-parent\" data-id=\"d618399\" data-element_type=\"container\" data-e-type=\"container\" data-settings=\"{&quot;background_background&quot;:&quot;classic&quot;}\">\n\t\t\t\t<div class=\"elementor-element elementor-element-38a618cf elementor-widget__width-initial elementor-widget elementor-widget-text-editor\" data-id=\"38a618cf\" data-element_type=\"widget\" data-e-type=\"widget\" data-widget_type=\"text-editor.default\">\n\t\t\t\t\t\t\t\t\t<p>Piesendorf is surrounded by stunning natural scenery with numerous hiking trails leading into the higher reaches of the mountains. It lies in the heart of the largest nature park in the Alps, the Hohe Tauern National Park. Beautiful hiking routes start right from the village. There are also many trails nearby suitable for both experienced and novice hikers. Several mountain lifts in Zell am See and Kaprun are open. You can hike up the Maiskogel in Kaprun and take the lift down, or vice versa. Zell am See-Kaprun, with its Pinzgau Grass Mountains and the Hohe Tauern range, is a paradise for hiking and mountaineering: Around 400 kilometers of well-marked trails lead from the valley floor up to the eternal ice of the three 3,000-meter peaks.<\/p>\t\t\t\t\t\t\t\t<\/div>\n\t\t\t\t<div class=\"elementor-element elementor-element-62f2f1c3 elementor-widget-mobile__width-initial elementor-widget__width-initial elementor-widget elementor-widget-image\" data-id=\"62f2f1c3\" data-element_type=\"widget\" data-e-type=\"widget\" data-widget_type=\"image.default\">\n\t\t\t\t\t\t\t\t\t\t\t\t\t\t\t<img fetchpriority=\"high\" decoding=\"async\" width=\"600\" height=\"400\" src=\"https:\/\/www.hauspiesendorf.com\/wp-content\/uploads\/2026\/03\/maiskogel_wandern_familie_seeblick.jpg\" class=\"attachment-full size-full wp-image-4090\" alt=\"\" srcset=\"https:\/\/www.hauspiesendorf.com\/wp-content\/uploads\/2026\/03\/maiskogel_wandern_familie_seeblick.jpg 600w, https:\/\/www.hauspiesendorf.com\/wp-content\/uploads\/2026\/03\/maiskogel_wandern_familie_seeblick-300x200.jpg 300w, https:\/\/www.hauspiesendorf.com\/wp-content\/uploads\/2026\/03\/maiskogel_wandern_familie_seeblick-18x12.jpg 18w\" sizes=\"(max-width: 600px) 100vw, 600px\" \/>\t\t\t\t\t\t\t\t\t\t\t\t\t\t\t<\/div>\n\t\t\t\t<div class=\"elementor-element elementor-element-735384d elementor-widget-laptop__width-initial elementor-widget__width-initial elementor-widget elementor-widget-text-editor\" data-id=\"735384d\" data-element_type=\"widget\" data-e-type=\"widget\" data-widget_type=\"text-editor.default\">\n\t\t\t\t\t\t\t\t\t<p class=\"translation-block\">From mid-May to mid-September, you can also <strong>join a guided hike on Tuesdays and Thursdays.<\/strong> With the special Fun+ card, you can participate for \u20ac5 per person, including taxi transfer (the regular price is \u20ac15 per person). You must register for these hikes one day in advance with us or the tourist office.<\/p><p class=\"translation-block\">Every Wednesday, a <strong>spice walk<\/strong> is organized for the whole family. During the walk, herbs are collected and then used to make their own herbal salve or tincture.<\/p><p><strong>Hiking on the Kitzsteinhorn and walks by the lake<\/strong><br \/>Whether you want to end your day with a leisurely stroll along the shores of Lake Zell or seek a daily sporting challenge on a hiking holiday in Kaprun: countless well-marked hiking trails in the Salzburg region are waiting to be discovered!<br \/><br \/>\u2022Hikes of all difficulty levels<br \/>\u2022 Best orientation using GPS<br \/>\u2022 Leisurely valley hikes,<br \/>\u2022Hiking around Lake Zell and along the Salzach River<br \/>\u2022 Via ferratas<br \/>\u2022Themed trails and nature trails<br \/>\u2022Walking trails in and around Piesendorf<br \/>\u2022High-altitude trails with spectacular panoramic views<br \/>\u2022Summer cable cars to Kaprun&#039;s local mountains Maiskogel<br \/>\u2022Guided mountain tours and summit tours to Schmittenh\u00f6he and Kitzsteinhorn<br \/>\u2022Llama trekking<br \/>\u2022Numerous places to stop for refreshments while hiking in Kaprun: mountain inns, managed alpine pastures, restaurants and snack bars<br \/>\u2022Hiking destinations and sights, e.g. Kaprun high mountain reservoirs.<\/p><p>With its many easy hiking trails, idyllic alpine meadows, and rustic mountain huts, the Maiskogel in Kaprun is a popular family mountain. The Maiskogel cable car comfortably transports guests to the top, providing easy access to the hiking trails. Those with good fitness and sure footing can hike from the Maiskogel to the Kitzsteinhorn via the Alexander-Enzinger-Weg trail.<\/p><p>We offer a free hiking map. We are happy to advise you.<\/p><p>There is also a digital hiking map of the region (the Zell am See-Kaprun Tours App). This provides an excellent overview of the topography, mountains and landscape, and allows users to combine tours and tips in a single map setting.\u00a0<\/p>\t\t\t\t\t\t\t\t<\/div>\n\t\t\t\t<div class=\"elementor-element elementor-element-2d9f951 elementor-widget-mobile__width-initial elementor-widget__width-initial elementor-widget elementor-widget-image\" data-id=\"2d9f951\" data-element_type=\"widget\" data-e-type=\"widget\" data-widget_type=\"image.default\">\n\t\t\t\t\t\t\t\t\t\t\t\t\t\t\t<img decoding=\"async\" width=\"600\" height=\"400\" src=\"https:\/\/www.hauspiesendorf.com\/wp-content\/uploads\/2026\/03\/maiskogel_wandern_familie_seeblick-2.jpg\" class=\"attachment-full size-full wp-image-4091\" alt=\"\" srcset=\"https:\/\/www.hauspiesendorf.com\/wp-content\/uploads\/2026\/03\/maiskogel_wandern_familie_seeblick-2.jpg 600w, https:\/\/www.hauspiesendorf.com\/wp-content\/uploads\/2026\/03\/maiskogel_wandern_familie_seeblick-2-300x200.jpg 300w, https:\/\/www.hauspiesendorf.com\/wp-content\/uploads\/2026\/03\/maiskogel_wandern_familie_seeblick-2-18x12.jpg 18w\" sizes=\"(max-width: 600px) 100vw, 600px\" \/>\t\t\t\t\t\t\t\t\t\t\t\t\t\t\t<\/div>\n\t\t\t\t<div class=\"elementor-element elementor-element-902507b elementor-widget__width-initial elementor-widget-laptop__width-initial elementor-widget elementor-widget-text-editor\" data-id=\"902507b\" data-element_type=\"widget\" data-e-type=\"widget\" data-widget_type=\"text-editor.default\">\n\t\t\t\t\t\t\t\t\t<p class=\"translation-block\"><strong>Segway on Tour<\/strong><br> Experience the ultimate thrill and enjoy a Segway tour through the mountains. A unique experience for young and old. Various tours are available.<\/p><p class=\"translation-block\"><strong>Frisbee course on the Schmittenh\u00f6he in Zell am See<\/strong><br> Just like golf, you start at the tee and finish at the finish line. Instead of a golf ball, you throw a Frisbee. There are 18 holes in total, and you have to reach the finish in as few throws as possible. The highest Frisbee course in Europe. From 1850 meters downhill to 1400 meters. A course with stunning views of Lake Zell and the Hohe Tauern mountain range.<\/p><p class=\"translation-block\"><strong>Yoga on a SUP board or mountain peak<br><\/strong> Yoga in the gym is a well-known phenomenon, but what could be better than yoga outdoors? Yoga teacher Lisa will guide you to the most beautiful locations, such as a forest, the beach, or an open field in the mountains with fantastic views.<\/p>\t\t\t\t\t\t\t\t<\/div>\n\t\t\t\t<div class=\"elementor-element elementor-element-5ba5496 elementor-widget-mobile__width-initial elementor-widget__width-initial elementor-widget elementor-widget-image\" data-id=\"5ba5496\" data-element_type=\"widget\" data-e-type=\"widget\" data-widget_type=\"image.default\">\n\t\t\t\t\t\t\t\t\t\t\t\t\t\t\t<img decoding=\"async\" width=\"600\" height=\"400\" src=\"https:\/\/www.hauspiesendorf.com\/wp-content\/uploads\/2026\/03\/yoga-auf-der-schmittenhohe-3.jpg\" class=\"attachment-full size-full wp-image-4093\" alt=\"\" srcset=\"https:\/\/www.hauspiesendorf.com\/wp-content\/uploads\/2026\/03\/yoga-auf-der-schmittenhohe-3.jpg 600w, https:\/\/www.hauspiesendorf.com\/wp-content\/uploads\/2026\/03\/yoga-auf-der-schmittenhohe-3-300x200.jpg 300w, https:\/\/www.hauspiesendorf.com\/wp-content\/uploads\/2026\/03\/yoga-auf-der-schmittenhohe-3-18x12.jpg 18w\" sizes=\"(max-width: 600px) 100vw, 600px\" \/>\t\t\t\t\t\t\t\t\t\t\t\t\t\t\t<\/div>\n\t\t\t\t<div class=\"elementor-element elementor-element-8ab1a54 elementor-widget__width-initial elementor-widget-laptop__width-initial elementor-widget elementor-widget-text-editor\" data-id=\"8ab1a54\" data-element_type=\"widget\" data-e-type=\"widget\" data-widget_type=\"text-editor.default\">\n\t\t\t\t\t\t\t\t\t<p>From July 24th to September 9th, yoga classes will be held every Wednesday on a mountainside. We meet at 8:30 am at the cable car station. If you already have a cable car ticket, you can participate in this 2-hour class for free. You&#039;ll enjoy a beautiful view of no fewer than 30 mountain peaks. Wonderful, isn&#039;t it?<\/p><p class=\"translation-block\"><strong>Spectacular light and sound show at Zell am See<br><\/strong> From the end of May to mid-October, a fantastic 20-minute water, light, laser, and sound show takes place at the lake on Tuesdays, Thursdays, and Sundays at sunset. Admission is free.<\/p>\t\t\t\t\t\t\t\t<\/div>\n\t\t\t\t<div class=\"elementor-element elementor-element-12e3d76 elementor-widget-mobile__width-initial elementor-widget__width-initial elementor-widget elementor-widget-image\" data-id=\"12e3d76\" data-element_type=\"widget\" data-e-type=\"widget\" data-widget_type=\"image.default\">\n\t\t\t\t\t\t\t\t\t\t\t\t\t\t\t<img loading=\"lazy\" decoding=\"async\" width=\"600\" height=\"400\" src=\"https:\/\/www.hauspiesendorf.com\/wp-content\/uploads\/2026\/03\/zeller-seezauber-magic-lake-show-4.jpg\" class=\"attachment-full size-full wp-image-4094\" alt=\"\" srcset=\"https:\/\/www.hauspiesendorf.com\/wp-content\/uploads\/2026\/03\/zeller-seezauber-magic-lake-show-4.jpg 600w, https:\/\/www.hauspiesendorf.com\/wp-content\/uploads\/2026\/03\/zeller-seezauber-magic-lake-show-4-300x200.jpg 300w, https:\/\/www.hauspiesendorf.com\/wp-content\/uploads\/2026\/03\/zeller-seezauber-magic-lake-show-4-18x12.jpg 18w\" sizes=\"(max-width: 600px) 100vw, 600px\" \/>\t\t\t\t\t\t\t\t\t\t\t\t\t\t\t<\/div>\n\t\t\t\t<div class=\"elementor-element elementor-element-3778d95 elementor-widget__width-initial elementor-widget-laptop__width-initial elementor-widget elementor-widget-text-editor\" data-id=\"3778d95\" data-element_type=\"widget\" data-e-type=\"widget\" data-widget_type=\"text-editor.default\">\n\t\t\t\t\t\t\t\t\t<p><strong>Attractive discount card, SalzburgerLand Card\u00a0<\/strong><br \/>We can offer you a 6-day discount card for \u20ac106.00 per adult and \u20ac53.00 per child. The third child receives the card completely free. This card offers discounted or free entry to museums, mountain lifts, swimming pools, spas, amusement parks, summer toboggan runs, and more. You can also enjoy a day in Salzburg with free access to public transport and the city&#039;s main attractions. You&#039;ll quickly recoup the cost of this card because the discounts are very attractive. Under &quot;Attractions,&quot; you&#039;ll find even more excursions and activities for the whole family.<\/p>\t\t\t\t\t\t\t\t<\/div>\n\t\t\t\t<div class=\"elementor-element elementor-element-c7ec02c elementor-widget-mobile__width-initial elementor-widget__width-initial elementor-widget elementor-widget-image\" data-id=\"c7ec02c\" data-element_type=\"widget\" data-e-type=\"widget\" data-widget_type=\"image.default\">\n\t\t\t\t\t\t\t\t\t\t\t\t\t\t\t\t<a href=\"https:\/\/www.josalzburg.com\/de\/aktivitaeten\/sommer\/salzburgerland-card.html\" target=\"_blank\" rel=\"noopener\">\n\t\t\t\t\t\t\t<img loading=\"lazy\" decoding=\"async\" width=\"600\" height=\"443\" src=\"https:\/\/www.hauspiesendorf.com\/wp-content\/uploads\/2026\/03\/sltcard_2017-klein_5.jpg\" class=\"attachment-full size-full wp-image-4092\" alt=\"\" srcset=\"https:\/\/www.hauspiesendorf.com\/wp-content\/uploads\/2026\/03\/sltcard_2017-klein_5.jpg 600w, https:\/\/www.hauspiesendorf.com\/wp-content\/uploads\/2026\/03\/sltcard_2017-klein_5-300x222.jpg 300w, https:\/\/www.hauspiesendorf.com\/wp-content\/uploads\/2026\/03\/sltcard_2017-klein_5-16x12.jpg 16w\" sizes=\"(max-width: 600px) 100vw, 600px\" \/>\t\t\t\t\t\t\t\t<\/a>\n\t\t\t\t\t\t\t\t\t\t\t\t\t\t\t<\/div>\n\t\t\t\t<\/div>\n\t\t\t\t<\/div>","protected":false},"excerpt":{"rendered":"<p>Wanderurlaub in Zell am See Piesendorf wird umgeben von wundersch\u00f6ner Natur mit zahlreichen Fu\u00dfwegen, die in h\u00f6here Teile der Berge [&hellip;]<\/p>\n","protected":false},"author":1,"featured_media":0,"parent":0,"menu_order":0,"comment_status":"closed","ping_status":"closed","template":"","meta":{"site-sidebar-layout":"no-sidebar","site-content-layout":"","ast-site-content-layout":"full-width-container","site-content-style":"default","site-sidebar-style":"default","ast-global-header-display":"","ast-banner-title-visibility":"","ast-main-header-display":"","ast-hfb-above-header-display":"","ast-hfb-below-header-display":"","ast-hfb-mobile-header-display":"","site-post-title":"disabled","ast-breadcrumbs-content":"","ast-featured-img":"disabled","footer-sml-layout":"","ast-disable-related-posts":"","theme-transparent-header-meta":"","adv-header-id-meta":"","stick-header-meta":"","header-above-stick-meta":"","header-main-stick-meta":"","header-below-stick-meta":"","astra-migrate-meta-layouts":"default","ast-page-background-enabled":"default","ast-page-background-meta":{"desktop":{"background-color":"var(--ast-global-color-5)","background-image":"","background-repeat":"repeat","background-position":"center center","background-size":"auto","background-attachment":"scroll","background-type":"","background-media":"","overlay-type":"","overlay-color":"","overlay-opacity":"","overlay-gradient":""},"tablet":{"background-color":"","background-image":"","background-repeat":"repeat","background-position":"center center","background-size":"auto","background-attachment":"scroll","background-type":"","background-media":"","overlay-type":"","overlay-color":"","overlay-opacity":"","overlay-gradient":""},"mobile":{"background-color":"","background-image":"","background-repeat":"repeat","background-position":"center center","background-size":"auto","background-attachment":"scroll","background-type":"","background-media":"","overlay-type":"","overlay-color":"","overlay-opacity":"","overlay-gradient":""}},"ast-content-background-meta":{"desktop":{"background-color":"var(--ast-global-color-4)","background-image":"","background-repeat":"repeat","background-position":"center center","background-size":"auto","background-attachment":"scroll","background-type":"","background-media":"","overlay-type":"","overlay-color":"","overlay-opacity":"","overlay-gradient":""},"tablet":{"background-color":"var(--ast-global-color-4)","background-image":"","background-repeat":"repeat","background-position":"center center","background-size":"auto","background-attachment":"scroll","background-type":"","background-media":"","overlay-type":"","overlay-color":"","overlay-opacity":"","overlay-gradient":""},"mobile":{"background-color":"var(--ast-global-color-4)","background-image":"","background-repeat":"repeat","background-position":"center center","background-size":"auto","background-attachment":"scroll","background-type":"","background-media":"","overlay-type":"","overlay-color":"","overlay-opacity":"","overlay-gradient":""}},"footnotes":""},"class_list":["post-1345","page","type-page","status-publish","hentry"],"_links":{"self":[{"href":"https:\/\/www.hauspiesendorf.com\/en\/wp-json\/wp\/v2\/pages\/1345","targetHints":{"allow":["GET"]}}],"collection":[{"href":"https:\/\/www.hauspiesendorf.com\/en\/wp-json\/wp\/v2\/pages"}],"about":[{"href":"https:\/\/www.hauspiesendorf.com\/en\/wp-json\/wp\/v2\/types\/page"}],"author":[{"embeddable":true,"href":"https:\/\/www.hauspiesendorf.com\/en\/wp-json\/wp\/v2\/users\/1"}],"replies":[{"embeddable":true,"href":"https:\/\/www.hauspiesendorf.com\/en\/wp-json\/wp\/v2\/comments?post=1345"}],"version-history":[{"count":19,"href":"https:\/\/www.hauspiesendorf.com\/en\/wp-json\/wp\/v2\/pages\/1345\/revisions"}],"predecessor-version":[{"id":4155,"href":"https:\/\/www.hauspiesendorf.com\/en\/wp-json\/wp\/v2\/pages\/1345\/revisions\/4155"}],"wp:attachment":[{"href":"https:\/\/www.hauspiesendorf.com\/en\/wp-json\/wp\/v2\/media?parent=1345"}],"curies":[{"name":"wp","href":"https:\/\/api.w.org\/{rel}","templated":true}]}}