{"id":1347,"date":"2026-01-06T15:18:20","date_gmt":"2026-01-06T15:18:20","guid":{"rendered":"https:\/\/piesendorf.layout-idee.de\/?page_id=1347"},"modified":"2026-03-15T11:08:33","modified_gmt":"2026-03-15T11:08:33","slug":"activities-for-children","status":"publish","type":"page","link":"https:\/\/www.hauspiesendorf.com\/en\/aktivitaeten-fuer-kinder\/","title":{"rendered":"Activities for children"},"content":{"rendered":"<div data-elementor-type=\"wp-page\" data-elementor-id=\"1347\" class=\"elementor elementor-1347\" data-elementor-post-type=\"page\">\n\t\t\t\t<div class=\"elementor-element elementor-element-66dc72da e-con-full e-flex e-con e-parent\" data-id=\"66dc72da\" data-element_type=\"container\" data-e-type=\"container\" data-settings=\"{&quot;background_background&quot;:&quot;classic&quot;}\">\n\t\t\t\t<div class=\"elementor-element elementor-element-1ed0cf4c elementor-widget elementor-widget-heading\" data-id=\"1ed0cf4c\" data-element_type=\"widget\" data-e-type=\"widget\" data-widget_type=\"heading.default\">\n\t\t\t\t\t<h2 class=\"elementor-heading-title elementor-size-default\">Summer fun for kids in the Salzburg Pinzgau region<\/h2>\t\t\t\t<\/div>\n\t\t\t\t<\/div>\n\t\t<div class=\"elementor-element elementor-element-45cd92cc e-con-full e-flex e-con e-parent\" data-id=\"45cd92cc\" data-element_type=\"container\" data-e-type=\"container\" data-settings=\"{&quot;background_background&quot;:&quot;classic&quot;}\">\n\t\t\t\t<div class=\"elementor-element elementor-element-17cff4b2 elementor-widget__width-initial elementor-widget elementor-widget-text-editor\" data-id=\"17cff4b2\" data-element_type=\"widget\" data-e-type=\"widget\" data-widget_type=\"text-editor.default\">\n\t\t\t\t\t\t\t\t\t<p>If your children enjoy their holiday, your holiday will be a success too. Our house is ideal for families with children of all ages. Our garden is equipped with various play features for children, including a playhouse with a climbing wall and slide, a professional trampoline with no fewer than four jumping areas and safety nets, and a nest swing. For sports enthusiasts, there is a ping-pong table, a football pitch, badminton, volleyball, and basketball. For spectators, there is a comfortable picnic table and several sun loungers.<\/p><p>Zell am See-Kaprun is unfortunately less well-known as a summer holiday destination. Did you know that families with children can experience a fantastic summer holiday here? The fairytale location of the two villages on Lake Zell, surrounded by majestic mountain peaks, makes the destination a holiday and play paradise, especially for active families seeking adventure and action. What does the area around Zell am See offer?<\/p><p><strong>Extensive entertainment program for children<\/strong><strong><br \/><\/strong>From May to October, there are lots of great activities for children aged 5-16. They certainly won&#039;t be bored here. A wide variety of activities are offered.\u00a0<\/p><p><strong>Family walk with llamas<\/strong><br \/>A llama walk in Kaprun, accompanied by a true llama expert. Children can supervise and care for their own llama. The llamas carry the luggage; children cannot ride them.<br \/>A delightful walk through the Kaprun countryside, and the children have only one task: the llamas are not allowed to eat along the way. We&#039;ll take a break during the walk, and the children can search for gold. The walk costs approximately \u20ac55 for the whole family.<\/p>\t\t\t\t\t\t\t\t<\/div>\n\t\t\t\t<div class=\"elementor-element elementor-element-25abd5c5 elementor-widget-mobile__width-initial elementor-widget__width-initial elementor-widget elementor-widget-image\" data-id=\"25abd5c5\" data-element_type=\"widget\" data-e-type=\"widget\" data-widget_type=\"image.default\">\n\t\t\t\t\t\t\t\t\t\t\t\t\t\t\t<img fetchpriority=\"high\" decoding=\"async\" width=\"600\" height=\"400\" src=\"https:\/\/www.hauspiesendorf.com\/wp-content\/uploads\/2026\/03\/sommer-kinderprogramm-lama-wanderung-zum-klammsee-kaprun-1.jpg\" class=\"attachment-full size-full wp-image-4164\" alt=\"\" srcset=\"https:\/\/www.hauspiesendorf.com\/wp-content\/uploads\/2026\/03\/sommer-kinderprogramm-lama-wanderung-zum-klammsee-kaprun-1.jpg 600w, https:\/\/www.hauspiesendorf.com\/wp-content\/uploads\/2026\/03\/sommer-kinderprogramm-lama-wanderung-zum-klammsee-kaprun-1-300x200.jpg 300w, https:\/\/www.hauspiesendorf.com\/wp-content\/uploads\/2026\/03\/sommer-kinderprogramm-lama-wanderung-zum-klammsee-kaprun-1-18x12.jpg 18w\" sizes=\"(max-width: 600px) 100vw, 600px\" \/>\t\t\t\t\t\t\t\t\t\t\t\t\t\t\t<\/div>\n\t\t\t\t<div class=\"elementor-element elementor-element-5d35b02e elementor-widget-laptop__width-initial elementor-widget__width-initial elementor-widget elementor-widget-text-editor\" data-id=\"5d35b02e\" data-element_type=\"widget\" data-e-type=\"widget\" data-widget_type=\"text-editor.default\">\n\t\t\t\t\t\t\t\t\t<p><strong>Trout fishing in Rauris<\/strong><br \/>A great activity for the whole family. You can watch the trout swimming and rent a fishing rod with bait (\u20ac5). Try to catch as many trout as possible, then buy and take them home. You&#039;ll pay approximately \u20ac14 per kilo. The tripe will be removed immediately, and you can prepare the fish at home.<br \/>You can also have your freshly caught fish prepared at the on-site restaurant. There are guides at the fishing pond who will explain everything and assist you. Even if you&#039;re not familiar with fishing, it&#039;s really nice to give it a try.<br \/>There&#039;s a lovely playground for the children and a real petting zoo with llamas, horses, and rabbits. A wonderful day out for the whole family.<\/p><p class=\"translation-block\"><strong>Rafting for the whole family<br><\/strong> A real rafting tour on the Salzach River for true adventurers. For children aged 8 and up, with a swimming badge. An introductory tour of approximately 3 hours, including equipment and a certificate, for \u20ac29 per person.<br> <a title=\"More about rafting\" href=\"https:\/\/www.hauspiesendorf.com\/en\/de\/blog\/entdecken-sie-die-umgebung-auf-spektakulaere-weise-rafting\/\" target=\"_blank\" rel=\"noopener\">More about rafting<\/a><\/p>\t\t\t\t\t\t\t\t<\/div>\n\t\t\t\t<div class=\"elementor-element elementor-element-6da4e351 elementor-widget-mobile__width-initial elementor-widget__width-initial elementor-widget elementor-widget-image\" data-id=\"6da4e351\" data-element_type=\"widget\" data-e-type=\"widget\" data-widget_type=\"image.default\">\n\t\t\t\t\t\t\t\t\t\t\t\t\t\t\t<img decoding=\"async\" width=\"550\" height=\"309\" src=\"https:\/\/www.hauspiesendorf.com\/wp-content\/uploads\/2026\/03\/wild-water-rafting-tour-2.jpg\" class=\"attachment-full size-full wp-image-4165\" alt=\"\" srcset=\"https:\/\/www.hauspiesendorf.com\/wp-content\/uploads\/2026\/03\/wild-water-rafting-tour-2.jpg 550w, https:\/\/www.hauspiesendorf.com\/wp-content\/uploads\/2026\/03\/wild-water-rafting-tour-2-300x169.jpg 300w, https:\/\/www.hauspiesendorf.com\/wp-content\/uploads\/2026\/03\/wild-water-rafting-tour-2-18x10.jpg 18w\" sizes=\"(max-width: 550px) 100vw, 550px\" \/>\t\t\t\t\t\t\t\t\t\t\t\t\t\t\t<\/div>\n\t\t\t\t<div class=\"elementor-element elementor-element-4b2cedc5 elementor-widget__width-initial elementor-widget-laptop__width-initial elementor-widget elementor-widget-text-editor\" data-id=\"4b2cedc5\" data-element_type=\"widget\" data-e-type=\"widget\" data-widget_type=\"text-editor.default\">\n\t\t\t\t\t\t\t\t\t<p class=\"translation-block\"><strong>Archery for the whole family<br><\/strong> Every Wednesday from 9:00 to 12:00, taster courses for the whole family are offered at the Niedernsill recreation area \u2013 the courses are free with our Fun+Card!<\/p><p class=\"translation-block\"><strong>Forest Ghost Train<\/strong> (Children aged 6 and up)<br> Every Thursday in July &amp; August<br> We create a magical nighttime forest with mysterious lights, wild figures, and eerie sounds and melodies.<br> At 9:00 PM, all (brave) parents, siblings, and friends are invited to enter the forest ghost train. An unforgettable adventure for the whole family!<\/p><p><strong>Rodenln - 100% Fun guaranteed for the whole family<\/strong><br \/>When you think of a family vacation, you have to mention tobogganing, and it&#039;s not just the kids who love it. Naturally, tobogganing is a winter activity. But not in Zell am See-Kaprun. Besides numerous winter toboggan runs, we also have a year-round toboggan run \u2013 the &quot;Maisiflitzer&quot; at the valley station of the MK Maiskogelbahn cable car in the center of Kaprun. Sitting in the toboggans, you ride up to the starting point and then, like on a roller coaster, you race back down to the valley over bridges, over waves, through banked curves, and through banked turns. You can speed down the 1,300-meter track at up to 40 km\/h \u2013 and you can control your own speed. This adrenaline rush can be experienced alone or with a partner in two-seater toboggans.<\/p>\t\t\t\t\t\t\t\t<\/div>\n\t\t\t\t<div class=\"elementor-element elementor-element-65aa69bb elementor-widget-mobile__width-initial elementor-widget__width-initial elementor-widget elementor-widget-image\" data-id=\"65aa69bb\" data-element_type=\"widget\" data-e-type=\"widget\" data-widget_type=\"image.default\">\n\t\t\t\t\t\t\t\t\t\t\t\t\t\t\t<img decoding=\"async\" width=\"600\" height=\"400\" src=\"https:\/\/www.hauspiesendorf.com\/wp-content\/uploads\/2026\/03\/maiskogel_maisiflitzer-3.jpg\" class=\"attachment-full size-full wp-image-4166\" alt=\"\" srcset=\"https:\/\/www.hauspiesendorf.com\/wp-content\/uploads\/2026\/03\/maiskogel_maisiflitzer-3.jpg 600w, https:\/\/www.hauspiesendorf.com\/wp-content\/uploads\/2026\/03\/maiskogel_maisiflitzer-3-300x200.jpg 300w, https:\/\/www.hauspiesendorf.com\/wp-content\/uploads\/2026\/03\/maiskogel_maisiflitzer-3-18x12.jpg 18w\" sizes=\"(max-width: 600px) 100vw, 600px\" \/>\t\t\t\t\t\t\t\t\t\t\t\t\t\t\t<\/div>\n\t\t\t\t<div class=\"elementor-element elementor-element-411d9e9d elementor-widget__width-initial elementor-widget-laptop__width-initial elementor-widget elementor-widget-text-editor\" data-id=\"411d9e9d\" data-element_type=\"widget\" data-e-type=\"widget\" data-widget_type=\"text-editor.default\">\n\t\t\t\t\t\t\t\t\t<p class=\"translation-block\"><strong>Summer toboggan run at Biberg in Saalfelden<\/strong><br> Fun for the whole family is guaranteed on the 1.6 km long summer toboggan run at Biberg in Saalfelden. Simply hop in, activate the lever, and off you go! On the action-packed descent, you&#039;ll cover 345 meters of elevation, navigate 61 fun curves, and conquer 3 super jumps. Whether you&#039;re a speed demon or a leisurely rider, you can easily control your own pace with the lever.<\/p><p class=\"translation-block\"><strong>Kids&#039; bikes<\/strong><br> We teach children aged 7 and up how to bike in a fun and playful way with games at our Bike-In training park. Of course, every child receives a real mountain bike license! Duration: approx. 1.5 hours. Price: \u20ac20.00. Includes mountain bike. For children aged 10 and up who want to experience real mountain biking, we offer a children&#039;s bike tour. Duration: approx. 2.5 hours. Price: \u20ac22.00. Includes mountain bike.<\/p><p class=\"translation-block\"><strong>Ice Arena Kitzsteinhorn: Family fun in the summer snow<br><\/strong> Thanks to the state-of-the-art cable cars of the Kitzsteinhorn, the Ice Arena is easily accessible for adventurers of all ages during the summer months.<br> Sledding fun and snow in summer on the glacier at 3,000 meters. With toboggans and sleds that can be borrowed free of charge on site, you can whiz down the white glacier slope and then simply let the magic carpet take you back to the start. Whether it&#039;s a snowball fight, exhilarating slides down gentle snow slopes, adventurous hikes along the secured glacier trail, or relaxing and cooling off in the sun loungers on the glacier plateau \u2013 in the Ice Arena on the Kitzsteinhorn glacier, families and nature lovers can experience their summer snow fun.<\/p>\t\t\t\t\t\t\t\t<\/div>\n\t\t\t\t<div class=\"elementor-element elementor-element-4a77dc23 elementor-widget-mobile__width-initial elementor-widget__width-initial elementor-widget elementor-widget-image\" data-id=\"4a77dc23\" data-element_type=\"widget\" data-e-type=\"widget\" data-widget_type=\"image.default\">\n\t\t\t\t\t\t\t\t\t\t\t\t\t\t\t<img loading=\"lazy\" decoding=\"async\" width=\"600\" height=\"400\" src=\"https:\/\/www.hauspiesendorf.com\/wp-content\/uploads\/2026\/03\/gbk_ice_arena_4.jpg\" class=\"attachment-full size-full wp-image-4167\" alt=\"\" srcset=\"https:\/\/www.hauspiesendorf.com\/wp-content\/uploads\/2026\/03\/gbk_ice_arena_4.jpg 600w, https:\/\/www.hauspiesendorf.com\/wp-content\/uploads\/2026\/03\/gbk_ice_arena_4-300x200.jpg 300w, https:\/\/www.hauspiesendorf.com\/wp-content\/uploads\/2026\/03\/gbk_ice_arena_4-18x12.jpg 18w\" sizes=\"(max-width: 600px) 100vw, 600px\" \/>\t\t\t\t\t\t\t\t\t\t\t\t\t\t\t<\/div>\n\t\t\t\t<div class=\"elementor-element elementor-element-4bf2ccb elementor-widget__width-initial elementor-widget-laptop__width-initial elementor-widget elementor-widget-text-editor\" data-id=\"4bf2ccb\" data-element_type=\"widget\" data-e-type=\"widget\" data-widget_type=\"text-editor.default\">\n\t\t\t\t\t\t\t\t\t<p>While other guests swim in the crystal-clear Lake Zell in the valley, people in the Ice Arena cheer during a snowball fight, build snowmen or cool off during a relaxing break in a deck chair.<\/p><p class=\"translation-block\"><strong>Schmidolin&#039;s baptism of fire<\/strong><br> Who said hiking is boring? Not with Schmidolin on the Schmittenh\u00f6he in Zell am See! Tricky tasks, daring challenges, and questions await you on his journey through the forest. Schmidolin is still too small to breathe fire\u2014can you help him? Document all your answers and tasks in the adventure passport and become Schmidolin&#039;s best friends. Schmidolin&#039;s trail is included in the cable car ticket to the Areit. <a title=\"8 tips for walking with children\" href=\"https:\/\/www.hauspiesendorf.com\/en\/de\/blog\/8-tipps-zum-wandern-mit-kindern-in-oesterreich\/\" target=\"_blank\" rel=\"noopener\">8 tips for hiking with children<\/a><\/p>\t\t\t\t\t\t\t\t<\/div>\n\t\t\t\t<div class=\"elementor-element elementor-element-ed7b5d5 elementor-widget-mobile__width-initial elementor-widget__width-initial elementor-widget elementor-widget-image\" data-id=\"ed7b5d5\" data-element_type=\"widget\" data-e-type=\"widget\" data-widget_type=\"image.default\">\n\t\t\t\t\t\t\t\t\t\t\t\t\t\t\t<img loading=\"lazy\" decoding=\"async\" width=\"600\" height=\"400\" src=\"https:\/\/www.hauspiesendorf.com\/wp-content\/uploads\/2026\/03\/Schmitten__5.jpg\" class=\"attachment-full size-full wp-image-4168\" alt=\"\" srcset=\"https:\/\/www.hauspiesendorf.com\/wp-content\/uploads\/2026\/03\/Schmitten__5.jpg 600w, https:\/\/www.hauspiesendorf.com\/wp-content\/uploads\/2026\/03\/Schmitten__5-300x200.jpg 300w, https:\/\/www.hauspiesendorf.com\/wp-content\/uploads\/2026\/03\/Schmitten__5-18x12.jpg 18w\" sizes=\"(max-width: 600px) 100vw, 600px\" \/>\t\t\t\t\t\t\t\t\t\t\t\t\t\t\t<\/div>\n\t\t\t\t<div class=\"elementor-element elementor-element-5b32c41 elementor-widget__width-initial elementor-widget-laptop__width-initial elementor-widget elementor-widget-text-editor\" data-id=\"5b32c41\" data-element_type=\"widget\" data-e-type=\"widget\" data-widget_type=\"text-editor.default\">\n\t\t\t\t\t\t\t\t\t<p><strong>Mystical Forest: A Hiking Experience for the Whole Family<\/strong><br \/>Pristine nature and magnificent mountain views combined with exciting interactive stations: that&#039;s the &quot;Mystical Forest&quot; themed hiking trail on the Schmittenh\u00f6he in Zell am See-Kaprun. At various stations, visitors of all ages can discover mystical stories and legends and explore myths from the Pinzgau region. The highlight is the &quot;White Stag&quot; adventure playground. This easy 1.2 km adventure trail offers fantastic views and is ideal for families. The trail ends at the &quot;White Stag&quot; adventure playground near the Schmiedhofalm.<\/p><p class=\"translation-block\"><strong>Bathing fun<br><\/strong> In the village of Niedernsill, there is a bathing lake, and as our guest, admission to this lake is free. The Hinkelstein outdoor pool in Piesendorf is also free for our guests. The Hinkelstein outdoor pool in Piesendorf boasts a sports pool, an adventure pool, a children&#039;s pool, and a paddling pool, all filled with 820,000 liters of solar-heated spring water to provide a comfortable water temperature of 24\u00b0C for parents and children. The outdoor pool also features a children&#039;s playground and a water slide. Furthermore, the Hinkelstein outdoor pool is located right next to the Piesendorf Funpark, one of the largest leisure facilities in Salzburg.<\/p>\t\t\t\t\t\t\t\t<\/div>\n\t\t\t\t<\/div>\n\t\t\t\t<\/div>","protected":false},"excerpt":{"rendered":"<p>Sommerspa\u00df f\u00fcr Kids im Salzburger Pinzgau Wenn Ihre Kinder den Urlaub genie\u00dfen, ist auch Ihr Urlaub erfolgreich. Unser Haus ist [&hellip;]<\/p>\n","protected":false},"author":1,"featured_media":0,"parent":0,"menu_order":0,"comment_status":"closed","ping_status":"closed","template":"","meta":{"site-sidebar-layout":"no-sidebar","site-content-layout":"","ast-site-content-layout":"full-width-container","site-content-style":"default","site-sidebar-style":"default","ast-global-header-display":"","ast-banner-title-visibility":"","ast-main-header-display":"","ast-hfb-above-header-display":"","ast-hfb-below-header-display":"","ast-hfb-mobile-header-display":"","site-post-title":"disabled","ast-breadcrumbs-content":"","ast-featured-img":"disabled","footer-sml-layout":"","ast-disable-related-posts":"","theme-transparent-header-meta":"","adv-header-id-meta":"","stick-header-meta":"","header-above-stick-meta":"","header-main-stick-meta":"","header-below-stick-meta":"","astra-migrate-meta-layouts":"default","ast-page-background-enabled":"default","ast-page-background-meta":{"desktop":{"background-color":"var(--ast-global-color-5)","background-image":"","background-repeat":"repeat","background-position":"center center","background-size":"auto","background-attachment":"scroll","background-type":"","background-media":"","overlay-type":"","overlay-color":"","overlay-opacity":"","overlay-gradient":""},"tablet":{"background-color":"","background-image":"","background-repeat":"repeat","background-position":"center center","background-size":"auto","background-attachment":"scroll","background-type":"","background-media":"","overlay-type":"","overlay-color":"","overlay-opacity":"","overlay-gradient":""},"mobile":{"background-color":"","background-image":"","background-repeat":"repeat","background-position":"center center","background-size":"auto","background-attachment":"scroll","background-type":"","background-media":"","overlay-type":"","overlay-color":"","overlay-opacity":"","overlay-gradient":""}},"ast-content-background-meta":{"desktop":{"background-color":"var(--ast-global-color-4)","background-image":"","background-repeat":"repeat","background-position":"center center","background-size":"auto","background-attachment":"scroll","background-type":"","background-media":"","overlay-type":"","overlay-color":"","overlay-opacity":"","overlay-gradient":""},"tablet":{"background-color":"var(--ast-global-color-4)","background-image":"","background-repeat":"repeat","background-position":"center center","background-size":"auto","background-attachment":"scroll","background-type":"","background-media":"","overlay-type":"","overlay-color":"","overlay-opacity":"","overlay-gradient":""},"mobile":{"background-color":"var(--ast-global-color-4)","background-image":"","background-repeat":"repeat","background-position":"center center","background-size":"auto","background-attachment":"scroll","background-type":"","background-media":"","overlay-type":"","overlay-color":"","overlay-opacity":"","overlay-gradient":""}},"footnotes":""},"class_list":["post-1347","page","type-page","status-publish","hentry"],"_links":{"self":[{"href":"https:\/\/www.hauspiesendorf.com\/en\/wp-json\/wp\/v2\/pages\/1347","targetHints":{"allow":["GET"]}}],"collection":[{"href":"https:\/\/www.hauspiesendorf.com\/en\/wp-json\/wp\/v2\/pages"}],"about":[{"href":"https:\/\/www.hauspiesendorf.com\/en\/wp-json\/wp\/v2\/types\/page"}],"author":[{"embeddable":true,"href":"https:\/\/www.hauspiesendorf.com\/en\/wp-json\/wp\/v2\/users\/1"}],"replies":[{"embeddable":true,"href":"https:\/\/www.hauspiesendorf.com\/en\/wp-json\/wp\/v2\/comments?post=1347"}],"version-history":[{"count":16,"href":"https:\/\/www.hauspiesendorf.com\/en\/wp-json\/wp\/v2\/pages\/1347\/revisions"}],"predecessor-version":[{"id":4191,"href":"https:\/\/www.hauspiesendorf.com\/en\/wp-json\/wp\/v2\/pages\/1347\/revisions\/4191"}],"wp:attachment":[{"href":"https:\/\/www.hauspiesendorf.com\/en\/wp-json\/wp\/v2\/media?parent=1347"}],"curies":[{"name":"wp","href":"https:\/\/api.w.org\/{rel}","templated":true}]}}