{"id":1321,"date":"2026-01-06T15:05:09","date_gmt":"2026-01-06T15:05:09","guid":{"rendered":"https:\/\/piesendorf.layout-idee.de\/?page_id=1321"},"modified":"2026-03-15T10:13:13","modified_gmt":"2026-03-15T10:13:13","slug":"skiresort","status":"publish","type":"page","link":"https:\/\/www.hauspiesendorf.com\/nl\/skigebiet\/","title":{"rendered":"Skigebied"},"content":{"rendered":"<div data-elementor-type=\"wp-page\" data-elementor-id=\"1321\" class=\"elementor elementor-1321\" data-elementor-post-type=\"page\">\n\t\t\t\t<div class=\"elementor-element elementor-element-2a29bd8b e-flex e-con-boxed e-con e-parent\" data-id=\"2a29bd8b\" data-element_type=\"container\" data-e-type=\"container\">\n\t\t\t\t\t<div class=\"e-con-inner\">\n\t\t\t\t<div class=\"elementor-element elementor-element-3aafb401 elementor-widget elementor-widget-heading\" data-id=\"3aafb401\" data-element_type=\"widget\" data-e-type=\"widget\" data-widget_type=\"heading.default\">\n\t\t\t\t\t<h2 class=\"elementor-heading-title elementor-size-default\">Skigebied Zell am See\/Kaprun\/Saalbach\/Hinterglemm<\/h2>\t\t\t\t<\/div>\n\t\t\t\t\t<\/div>\n\t\t\t\t<\/div>\n\t\t<div class=\"elementor-element elementor-element-21f3fd30 e-flex e-con-boxed e-con e-parent\" data-id=\"21f3fd30\" data-element_type=\"container\" data-e-type=\"container\">\n\t\t\t\t\t<div class=\"e-con-inner\">\n\t\t\t\t<div class=\"elementor-element elementor-element-0aa5008 elementor-widget__width-initial elementor-widget elementor-widget-image\" data-id=\"0aa5008\" data-element_type=\"widget\" data-e-type=\"widget\" data-widget_type=\"image.default\">\n\t\t\t\t\t\t\t\t\t\t\t\t\t\t\t<img fetchpriority=\"high\" decoding=\"async\" width=\"600\" height=\"400\" src=\"https:\/\/www.hauspiesendorf.com\/wp-content\/uploads\/2026\/03\/Skigebiet-1.jpg\" class=\"attachment-large size-large wp-image-4012\" alt=\"\" srcset=\"https:\/\/www.hauspiesendorf.com\/wp-content\/uploads\/2026\/03\/Skigebiet-1.jpg 600w, https:\/\/www.hauspiesendorf.com\/wp-content\/uploads\/2026\/03\/Skigebiet-1-300x200.jpg 300w, https:\/\/www.hauspiesendorf.com\/wp-content\/uploads\/2026\/03\/Skigebiet-1-18x12.jpg 18w\" sizes=\"(max-width: 600px) 100vw, 600px\" \/>\t\t\t\t\t\t\t\t\t\t\t\t\t\t\t<\/div>\n\t\t\t\t<div class=\"elementor-element elementor-element-6bac838 elementor-widget__width-initial elementor-widget elementor-widget-text-editor\" data-id=\"6bac838\" data-element_type=\"widget\" data-e-type=\"widget\" data-widget_type=\"text-editor.default\">\n\t\t\t\t\t\t\t\t\t<p><strong>Een wintersportparadijs in de regio Salzburg!<\/strong><\/p><p><strong>3 SKIGEBIEDEN MET 408 KILOMETER AAN TOPPISTES<\/strong><\/p><p>Voor een gevarieerde skivakantie in Salzburg is het skigebied Zell am See-Kaprun Saalbach\/Hinterglemm de perfecte keuze: de diverse pistes van de vakantieregio Zell am See-Kaprun-Saalbach-Hinterglemm bieden maar liefst 411 kilometer aan afdalingen. De met sneeuw bedekte pistes van alle moeilijkheidsgraden glinsteren in de zon en bieden een fantastische variatie voor alle ski\u00ebrs, snowboarders en langlaufers.<\/p><p>Met de Ski ALPIN CARD beleef je eindeloos bergplezier op 408 kilometer aan pistes in de regio&#039;s Skicircus Saalbach Hinterglemm Leogang Fieberbrunn, Schmittenh\u00f6he in Zell am See en Kitzsteinhorn Kaprun, allemaal met slechts \u00e9\u00e9n skipas.<\/p>\t\t\t\t\t\t\t\t<\/div>\n\t\t\t\t\t<\/div>\n\t\t\t\t<\/div>\n\t\t<div class=\"elementor-element elementor-element-5abacae e-flex e-con-boxed e-con e-parent\" data-id=\"5abacae\" data-element_type=\"container\" data-e-type=\"container\">\n\t\t\t\t\t<div class=\"e-con-inner\">\n\t\t\t\t<div class=\"elementor-element elementor-element-d1eb8e3 elementor-widget__width-initial elementor-widget elementor-widget-image\" data-id=\"d1eb8e3\" data-element_type=\"widget\" data-e-type=\"widget\" data-widget_type=\"image.default\">\n\t\t\t\t\t\t\t\t\t\t\t\t\t\t\t<img decoding=\"async\" width=\"600\" height=\"400\" src=\"https:\/\/www.hauspiesendorf.com\/wp-content\/uploads\/2026\/03\/Maiskogelbaan-in-kaprun.jpg\" class=\"attachment-large size-large wp-image-4013\" alt=\"\" srcset=\"https:\/\/www.hauspiesendorf.com\/wp-content\/uploads\/2026\/03\/Maiskogelbaan-in-kaprun.jpg 600w, https:\/\/www.hauspiesendorf.com\/wp-content\/uploads\/2026\/03\/Maiskogelbaan-in-kaprun-300x200.jpg 300w, https:\/\/www.hauspiesendorf.com\/wp-content\/uploads\/2026\/03\/Maiskogelbaan-in-kaprun-18x12.jpg 18w\" sizes=\"(max-width: 600px) 100vw, 600px\" \/>\t\t\t\t\t\t\t\t\t\t\t\t\t\t\t<\/div>\n\t\t\t\t<div class=\"elementor-element elementor-element-4b801c2 elementor-widget__width-initial elementor-widget elementor-widget-text-editor\" data-id=\"4b801c2\" data-element_type=\"widget\" data-e-type=\"widget\" data-widget_type=\"text-editor.default\">\n\t\t\t\t\t\t\t\t\t<p>Profiteer tijdens uw skivakantie van de directe nabijheid van ons huis tot de meest spectaculaire skigebieden van Oostenrijk:<\/p><ul><li class=\"translation-block\"><strong>Skigebied Schmittenh\u00f6he in Zell am See<\/strong> : 77 kilometer aan pistes, Trass-afdaling, XXL-funslope, Skimovie-parcours, nachtslope en nog veel meer\u2026<br> 30 kilometer aan blauwe, 28 kilometer aan rode en 19 kilometer aan zwarte pistes!<\/li><li class=\"translation-block\"><strong>Skigebied Kitzsteinhorn Glacier<\/strong> : Skiplezier met gegarandeerde sneeuw van oktober tot en met mei! Dromerige gletsjerhellingen, snowparks, freeridegebieden en skiplezier op 41 gevarieerde kilometers aan pistes!<\/li><li class=\"translation-block\"><strong>Skicircus Saalbach-Hinterglemm Leogang Fieberbrunn<\/strong> : 270 kilometer aan onderling verbonden pistes, snowparks, skihutten en een gigantisch freeridegebied garanderen ultiem skiplezier!<br><br> Vanuit het dorp Kaprun brengen twee nieuwe kabelbaanverbindingen u rechtstreeks naar het gletsjerskigebied Kitzsteinhorn. In slechts 22 minuten! De parkeerplaats Maiskogel ligt op slechts 5 minuten rijden van ons huis.<\/li><\/ul>\t\t\t\t\t\t\t\t<\/div>\n\t\t\t\t\t<\/div>\n\t\t\t\t<\/div>\n\t\t<div class=\"elementor-element elementor-element-5c8db67 e-flex e-con-boxed e-con e-parent\" data-id=\"5c8db67\" data-element_type=\"container\" data-e-type=\"container\">\n\t\t\t\t\t<div class=\"e-con-inner\">\n\t\t\t\t<div class=\"elementor-element elementor-element-eeaade6 elementor-widget__width-initial elementor-widget elementor-widget-image\" data-id=\"eeaade6\" data-element_type=\"widget\" data-e-type=\"widget\" data-widget_type=\"image.default\">\n\t\t\t\t\t\t\t\t\t\t\t\t\t\t\t<img decoding=\"async\" width=\"600\" height=\"400\" src=\"https:\/\/www.hauspiesendorf.com\/wp-content\/uploads\/2026\/03\/kitzsteinhorn.jpg\" class=\"attachment-large size-large wp-image-4017\" alt=\"\" srcset=\"https:\/\/www.hauspiesendorf.com\/wp-content\/uploads\/2026\/03\/kitzsteinhorn.jpg 600w, https:\/\/www.hauspiesendorf.com\/wp-content\/uploads\/2026\/03\/kitzsteinhorn-300x200.jpg 300w, https:\/\/www.hauspiesendorf.com\/wp-content\/uploads\/2026\/03\/kitzsteinhorn-18x12.jpg 18w\" sizes=\"(max-width: 600px) 100vw, 600px\" \/>\t\t\t\t\t\t\t\t\t\t\t\t\t\t\t<\/div>\n\t\t\t\t<div class=\"elementor-element elementor-element-1ef7651 elementor-widget__width-initial elementor-widget elementor-widget-text-editor\" data-id=\"1ef7651\" data-element_type=\"widget\" data-e-type=\"widget\" data-widget_type=\"text-editor.default\">\n\t\t\t\t\t\t\t\t\t<p class=\"translation-block\">Je hoeft je geen zorgen te maken over de sneeuwcondities, want op de <strong>Kitzsteinhorn-gletsjer<\/strong> op een hoogte van 3203 meter is sneeuw altijd gegarandeerd. De pistes op de gletsjer zijn absoluut de moeite waard vanwege hun hoogte, lengte en sneeuwkwaliteit. De Kitzsteinhorn ontvangt jaarlijks meer dan 10 meter verse sneeuw.<\/p><p class=\"translation-block\">Andere hellingen, waaronder de Schmittenh\u00f6he, zijn grotendeels bedekt met prachtige poedersneeuw en slingeren zich voornamelijk door de bossen, wat een werkelijk adembenemend uitzicht biedt. Vanaf de <strong>top van de Schmittenh\u00f6he<\/strong> heb je uitzicht op meer dan 30 bergtoppen die hoger zijn dan 3000 meter.<br><br> Het is een zeer kindvriendelijk gebied, en de vele bomen en restaurants maken het een gezellige plek. Met je skipas heb je toegang tot de hele regio, inclusief de gletsjers en de skibussen tussen Kaprun en Zell am See. Ook voor langlaufers zijn er volop mogelijkheden.<br> Hoogte van het skigebied: 2000 meter.<\/p>\t\t\t\t\t\t\t\t<\/div>\n\t\t\t\t\t<\/div>\n\t\t\t\t<\/div>\n\t\t<div class=\"elementor-element elementor-element-5328490 e-flex e-con-boxed e-con e-parent\" data-id=\"5328490\" data-element_type=\"container\" data-e-type=\"container\">\n\t\t\t\t\t<div class=\"e-con-inner\">\n\t\t\t\t<div class=\"elementor-element elementor-element-3f08bb0 elementor-widget__width-initial elementor-widget elementor-widget-image\" data-id=\"3f08bb0\" data-element_type=\"widget\" data-e-type=\"widget\" data-widget_type=\"image.default\">\n\t\t\t\t\t\t\t\t\t\t\t\t\t\t\t<img loading=\"lazy\" decoding=\"async\" width=\"600\" height=\"400\" src=\"https:\/\/www.hauspiesendorf.com\/wp-content\/uploads\/2026\/03\/kitzsteinhorn-eagleline.jpg\" class=\"attachment-large size-large wp-image-4018\" alt=\"\" srcset=\"https:\/\/www.hauspiesendorf.com\/wp-content\/uploads\/2026\/03\/kitzsteinhorn-eagleline.jpg 600w, https:\/\/www.hauspiesendorf.com\/wp-content\/uploads\/2026\/03\/kitzsteinhorn-eagleline-300x200.jpg 300w, https:\/\/www.hauspiesendorf.com\/wp-content\/uploads\/2026\/03\/kitzsteinhorn-eagleline-18x12.jpg 18w\" sizes=\"(max-width: 600px) 100vw, 600px\" \/>\t\t\t\t\t\t\t\t\t\t\t\t\t\t\t<\/div>\n\t\t\t\t<div class=\"elementor-element elementor-element-2a8b1a7 elementor-widget__width-initial elementor-widget elementor-widget-text-editor\" data-id=\"2a8b1a7\" data-element_type=\"widget\" data-e-type=\"widget\" data-widget_type=\"text-editor.default\">\n\t\t\t\t\t\t\t\t\t<p class=\"translation-block\"><strong>Ski\u00ebn met kinderen<br><\/strong> Dit skigebied is ideaal voor kinderen. Op de <strong>avonturenberg<\/strong> in Piesendorf\/Walchen kunnen kinderen naar hartenlust leren ski\u00ebn in een veilige en gastvrije omgeving. Er is een sleeplift en twee oefenliften. Kinderen tot 6 jaar kunnen gratis gebruikmaken van de liften en skilessen zijn ook betaalbaar. www.erlebnisberg.at<\/p><p>Kinderen die nog niet kunnen ski\u00ebn, kunnen zich prima vermaken in de sneeuw met papa of mama, slee\u00ebn of springen op de trampoline. Aan de rand van het dorp Kaprun bevindt zich de skilift naar de gezinsvriendelijke piste, de Maiskogel. Hier kunnen kinderen leren ski\u00ebn op blauwe pistes, terwijl ouders de mogelijkheid hebben om te genieten van de meer uitdagende afdalingen.<\/p><p class=\"translation-block\"><strong>Skipasservice direct in Haus Piesendorf<\/strong><br> Om lange wachttijden bij de liftloketten te voorkomen, kunt u uw individuele skipas rechtstreeks bij ons bestellen. De skipassen zijn geldig voor de skigebieden Kaprun \u2013 Zell am See-Saalbach-Hinterglemm-Leogang-Fieberbrunn, evenals de Salzburgerland Superkicard-gebieden.<\/p>\t\t\t\t\t\t\t\t<\/div>\n\t\t\t\t\t<\/div>\n\t\t\t\t<\/div>\n\t\t<div class=\"elementor-element elementor-element-812034e e-flex e-con-boxed e-con e-parent\" data-id=\"812034e\" data-element_type=\"container\" data-e-type=\"container\">\n\t\t\t\t\t<div class=\"e-con-inner\">\n\t\t\t\t<div class=\"elementor-element elementor-element-f823d05 elementor-widget__width-initial elementor-widget elementor-widget-image\" data-id=\"f823d05\" data-element_type=\"widget\" data-e-type=\"widget\" data-widget_type=\"image.default\">\n\t\t\t\t\t\t\t\t\t\t\t\t\t\t\t<img loading=\"lazy\" decoding=\"async\" width=\"600\" height=\"400\" src=\"https:\/\/www.hauspiesendorf.com\/wp-content\/uploads\/2026\/03\/kitzsteinhorn-3.jpg\" class=\"attachment-large size-large wp-image-4019\" alt=\"\" srcset=\"https:\/\/www.hauspiesendorf.com\/wp-content\/uploads\/2026\/03\/kitzsteinhorn-3.jpg 600w, https:\/\/www.hauspiesendorf.com\/wp-content\/uploads\/2026\/03\/kitzsteinhorn-3-300x200.jpg 300w, https:\/\/www.hauspiesendorf.com\/wp-content\/uploads\/2026\/03\/kitzsteinhorn-3-18x12.jpg 18w\" sizes=\"(max-width: 600px) 100vw, 600px\" \/>\t\t\t\t\t\t\t\t\t\t\t\t\t\t\t<\/div>\n\t\t\t\t<div class=\"elementor-element elementor-element-205950c elementor-widget__width-initial elementor-widget elementor-widget-text-editor\" data-id=\"205950c\" data-element_type=\"widget\" data-e-type=\"widget\" data-widget_type=\"text-editor.default\">\n\t\t\t\t\t\t\t\t\t<p class=\"translation-block\"><strong>Snowboarden in Zell am See \u2013 Kaprun!<br><\/strong> Klaar voor actie en plezier?<\/p><p class=\"translation-block\">Het skigebied Zell am See-Kaprun biedt snowboarders al lange tijd de mooiste pistes en perfect onderhouden fun- en snowparks in de regio Salzburg. Of je nu een parkbeginner bent of een professional \u2013 plezier en vermaak zijn gegarandeerd!<br> Belangrijkste redenen waarom snowboarden een aanrader is tijdens je wintervakantie in Zell am See \u2013 Kaprun:<\/p><ul><li>Fantastische afdalingen en freeridegebieden in het skigebied Schmitten en het gletsjerskigebied Kitzsteinhorn.<\/li><li>Funslope Schmitten XXL \u2013 de langste funslope ter wereld<\/li><li>Schmitten Nightslope<\/li><li>Trass afdaling \u2013 sensatie op een helling tot 70% voor absolute professionals op het board.<\/li><li>3 parken op de Kitzsteinhorn \u2013 GLACIER PARK, CENTRAL PARK &amp; EASY PARK<\/li><li>Superpipe Kitzsteinhorn \u2013 160 meter lang \u2013 een absolute aanrader voor elke snowboarder!<\/li><\/ul><p class=\"translation-block\"><strong>Ski- en<\/strong> <strong>snowboarduitrusting\/skischool<br><\/strong> In Piesendorf vindt u skiverhuur en skischool Entleitner. Onze gasten ontvangen \u20ac10 korting op skiverhuur (bij een huurperiode van 3 dagen of langer) en \u20ac10 korting op de skilessen. Ze zorgen voor een gezins- en kindvriendelijke leeromgeving.<\/p><p class=\"translation-block\"><strong>Regels voor skibussen<\/strong><br> Gratis skibusritten met uw skipas. Een uitgebreid netwerk van skibussen in en tussen Piesendorf, Zell am See en Kaprun garandeert een snelle en gemakkelijke verbinding met de skigebieden. De skibus stopt direct voor onze deur. Gratis parkeren is mogelijk bij alle dalstations.<\/p>\t\t\t\t\t\t\t\t<\/div>\n\t\t\t\t\t<\/div>\n\t\t\t\t<\/div>\n\t\t\t\t<\/div>","protected":false},"excerpt":{"rendered":"<p>Skigebiet Skigebiet Zell am See\/Kaprun\/Saalbach\/Hinterglemm Wintersportparadies im Salzburger Land! 3 SKIGEBIETE MIT 408 PREMIUM-PISTENKILOMETER F\u00fcr einen abwechslungsreichen Skiurlaub in Salzburg [&hellip;]<\/p>\n","protected":false},"author":1,"featured_media":0,"parent":0,"menu_order":0,"comment_status":"closed","ping_status":"closed","template":"","meta":{"site-sidebar-layout":"no-sidebar","site-content-layout":"","ast-site-content-layout":"full-width-container","site-content-style":"default","site-sidebar-style":"default","ast-global-header-display":"","ast-banner-title-visibility":"","ast-main-header-display":"","ast-hfb-above-header-display":"","ast-hfb-below-header-display":"","ast-hfb-mobile-header-display":"","site-post-title":"disabled","ast-breadcrumbs-content":"","ast-featured-img":"disabled","footer-sml-layout":"","ast-disable-related-posts":"","theme-transparent-header-meta":"","adv-header-id-meta":"","stick-header-meta":"","header-above-stick-meta":"","header-main-stick-meta":"","header-below-stick-meta":"","astra-migrate-meta-layouts":"default","ast-page-background-enabled":"default","ast-page-background-meta":{"desktop":{"background-color":"var(--ast-global-color-5)","background-image":"","background-repeat":"repeat","background-position":"center center","background-size":"auto","background-attachment":"scroll","background-type":"","background-media":"","overlay-type":"","overlay-color":"","overlay-opacity":"","overlay-gradient":""},"tablet":{"background-color":"","background-image":"","background-repeat":"repeat","background-position":"center center","background-size":"auto","background-attachment":"scroll","background-type":"","background-media":"","overlay-type":"","overlay-color":"","overlay-opacity":"","overlay-gradient":""},"mobile":{"background-color":"","background-image":"","background-repeat":"repeat","background-position":"center center","background-size":"auto","background-attachment":"scroll","background-type":"","background-media":"","overlay-type":"","overlay-color":"","overlay-opacity":"","overlay-gradient":""}},"ast-content-background-meta":{"desktop":{"background-color":"var(--ast-global-color-4)","background-image":"","background-repeat":"repeat","background-position":"center center","background-size":"auto","background-attachment":"scroll","background-type":"","background-media":"","overlay-type":"","overlay-color":"","overlay-opacity":"","overlay-gradient":""},"tablet":{"background-color":"var(--ast-global-color-4)","background-image":"","background-repeat":"repeat","background-position":"center center","background-size":"auto","background-attachment":"scroll","background-type":"","background-media":"","overlay-type":"","overlay-color":"","overlay-opacity":"","overlay-gradient":""},"mobile":{"background-color":"var(--ast-global-color-4)","background-image":"","background-repeat":"repeat","background-position":"center center","background-size":"auto","background-attachment":"scroll","background-type":"","background-media":"","overlay-type":"","overlay-color":"","overlay-opacity":"","overlay-gradient":""}},"footnotes":""},"class_list":["post-1321","page","type-page","status-publish","hentry"],"_links":{"self":[{"href":"https:\/\/www.hauspiesendorf.com\/nl\/wp-json\/wp\/v2\/pages\/1321","targetHints":{"allow":["GET"]}}],"collection":[{"href":"https:\/\/www.hauspiesendorf.com\/nl\/wp-json\/wp\/v2\/pages"}],"about":[{"href":"https:\/\/www.hauspiesendorf.com\/nl\/wp-json\/wp\/v2\/types\/page"}],"author":[{"embeddable":true,"href":"https:\/\/www.hauspiesendorf.com\/nl\/wp-json\/wp\/v2\/users\/1"}],"replies":[{"embeddable":true,"href":"https:\/\/www.hauspiesendorf.com\/nl\/wp-json\/wp\/v2\/comments?post=1321"}],"version-history":[{"count":19,"href":"https:\/\/www.hauspiesendorf.com\/nl\/wp-json\/wp\/v2\/pages\/1321\/revisions"}],"predecessor-version":[{"id":4137,"href":"https:\/\/www.hauspiesendorf.com\/nl\/wp-json\/wp\/v2\/pages\/1321\/revisions\/4137"}],"wp:attachment":[{"href":"https:\/\/www.hauspiesendorf.com\/nl\/wp-json\/wp\/v2\/media?parent=1321"}],"curies":[{"name":"wp","href":"https:\/\/api.w.org\/{rel}","templated":true}]}}