{"id":1345,"date":"2026-01-06T15:17:55","date_gmt":"2026-01-06T15:17:55","guid":{"rendered":"https:\/\/piesendorf.layout-idee.de\/?page_id=1345"},"modified":"2026-03-15T10:25:47","modified_gmt":"2026-03-15T10:25:47","slug":"wandelen-en-meer","status":"publish","type":"page","link":"https:\/\/www.hauspiesendorf.com\/nl\/wandern-und-mehr\/","title":{"rendered":"Wandelen en meer"},"content":{"rendered":"<div data-elementor-type=\"wp-page\" data-elementor-id=\"1345\" class=\"elementor elementor-1345\" data-elementor-post-type=\"page\">\n\t\t\t\t<div class=\"elementor-element elementor-element-5a0de1b1 e-con-full e-flex e-con e-parent\" data-id=\"5a0de1b1\" data-element_type=\"container\" data-e-type=\"container\" data-settings=\"{&quot;background_background&quot;:&quot;classic&quot;}\">\n\t\t\t\t<div class=\"elementor-element elementor-element-7e2edb96 elementor-widget elementor-widget-heading\" data-id=\"7e2edb96\" data-element_type=\"widget\" data-e-type=\"widget\" data-widget_type=\"heading.default\">\n\t\t\t\t\t<h2 class=\"elementor-heading-title elementor-size-default\">Wandelvakantie in Zell am See<\/h2>\t\t\t\t<\/div>\n\t\t\t\t<\/div>\n\t\t<div class=\"elementor-element elementor-element-d618399 e-con-full e-flex e-con e-parent\" data-id=\"d618399\" data-element_type=\"container\" data-e-type=\"container\" data-settings=\"{&quot;background_background&quot;:&quot;classic&quot;}\">\n\t\t\t\t<div class=\"elementor-element elementor-element-38a618cf elementor-widget__width-initial elementor-widget elementor-widget-text-editor\" data-id=\"38a618cf\" data-element_type=\"widget\" data-e-type=\"widget\" data-widget_type=\"text-editor.default\">\n\t\t\t\t\t\t\t\t\t<p>Piesendorf is omgeven door een adembenemend natuurlandschap met talloze wandelpaden die naar de hogere bergtoppen leiden. Het ligt in het hart van het grootste natuurpark van de Alpen, Nationaal Park Hohe Tauern. Prachtige wandelroutes beginnen direct vanuit het dorp. Ook in de omgeving zijn veel paden te vinden die geschikt zijn voor zowel ervaren als beginnende wandelaars. Verschillende skiliften in Zell am See en Kaprun zijn geopend. Je kunt de Maiskogel in Kaprun beklimmen en met de lift naar beneden, of andersom. Zell am See-Kaprun, met het Pinzgau-grasgebergte en de Hohe Tauern, is een paradijs voor wandelaars en bergbeklimmers: zo&#039;n 400 kilometer aan goed gemarkeerde paden leiden vanuit het dal naar de eeuwige ijslaag van de drie 3000 meter hoge toppen.<\/p>\t\t\t\t\t\t\t\t<\/div>\n\t\t\t\t<div class=\"elementor-element elementor-element-62f2f1c3 elementor-widget-mobile__width-initial elementor-widget__width-initial elementor-widget elementor-widget-image\" data-id=\"62f2f1c3\" data-element_type=\"widget\" data-e-type=\"widget\" data-widget_type=\"image.default\">\n\t\t\t\t\t\t\t\t\t\t\t\t\t\t\t<img fetchpriority=\"high\" decoding=\"async\" width=\"600\" height=\"400\" src=\"https:\/\/www.hauspiesendorf.com\/wp-content\/uploads\/2026\/03\/maiskogel_wandern_familie_seeblick.jpg\" class=\"attachment-full size-full wp-image-4090\" alt=\"\" srcset=\"https:\/\/www.hauspiesendorf.com\/wp-content\/uploads\/2026\/03\/maiskogel_wandern_familie_seeblick.jpg 600w, https:\/\/www.hauspiesendorf.com\/wp-content\/uploads\/2026\/03\/maiskogel_wandern_familie_seeblick-300x200.jpg 300w, https:\/\/www.hauspiesendorf.com\/wp-content\/uploads\/2026\/03\/maiskogel_wandern_familie_seeblick-18x12.jpg 18w\" sizes=\"(max-width: 600px) 100vw, 600px\" \/>\t\t\t\t\t\t\t\t\t\t\t\t\t\t\t<\/div>\n\t\t\t\t<div class=\"elementor-element elementor-element-735384d elementor-widget-laptop__width-initial elementor-widget__width-initial elementor-widget elementor-widget-text-editor\" data-id=\"735384d\" data-element_type=\"widget\" data-e-type=\"widget\" data-widget_type=\"text-editor.default\">\n\t\t\t\t\t\t\t\t\t<p class=\"translation-block\">Van half mei tot half september kunt u ook <strong>deelnemen aan een begeleide wandeling op dinsdag en donderdag.<\/strong> Met de speciale Fun+ kaart kunt u deelnemen voor \u20ac 5 per persoon, inclusief taxitransfer (de normale prijs is \u20ac 15 per persoon). U dient zich voor deze wandelingen \u00e9\u00e9n dag van tevoren bij ons of het toeristenbureau aan te melden.<\/p><p class=\"translation-block\">Elke woensdag wordt er een <strong>kruidenwandeling<\/strong> georganiseerd voor het hele gezin. Tijdens de wandeling worden kruiden verzameld die vervolgens worden gebruikt om zelfgemaakte kruidensalf of -tinctuur te maken.<\/p><p><strong>Wandelen op de Kitzsteinhorn en wandelingen langs het meer.<\/strong><br \/>Of u nu uw dag wilt afsluiten met een ontspannen wandeling langs de oevers van de Zellsee of op zoek bent naar een sportieve uitdaging tijdens een wandelvakantie in Kaprun: talloze goed gemarkeerde wandelroutes in de regio Salzburg wachten erop om ontdekt te worden!<br \/><br \/>\u2022Wandelingen van alle moeilijkheidsgraden<br \/>\u2022 Optimale ori\u00ebntatie met behulp van GPS<br \/>\u2022 Ontspannen wandelingen door de vallei,<br \/>\u2022Wandelen rond de Zellsee en langs de Salzachrivier<br \/>\u2022 Via ferrata&#039;s<br \/>\u2022 Thema- en natuurpaden<br \/>\u2022Wandelpaden in en rond Piesendorf<br \/>\u2022Hooggelegen wandelpaden met spectaculaire panoramische uitzichten<br \/>\u2022Zomerkabelbaan naar de lokale bergen van Kaprun, Maiskogel<br \/>\u2022 Begeleide bergtochten en beklimmingen van de Schmittenh\u00f6he en de Kitzsteinhorn.<br \/>\u2022 Lama-trekking<br \/>\u2022Tijdens een wandeling in Kaprun zijn er tal van plekken om even te pauzeren en iets te drinken of te eten: berghutten, beheerde alpenweiden, restaurants en snackbars.<br \/>\u2022 Wandelbestemmingen en bezienswaardigheden, bijvoorbeeld de hooggelegen stuwmeren van Kaprun.<\/p><p>Met zijn vele gemakkelijke wandelpaden, idyllische alpenweiden en rustieke berghutten is de Maiskogel in Kaprun een populaire berg voor gezinnen. De kabelbaan brengt gasten comfortabel naar de top, vanwaar de wandelpaden gemakkelijk te bereiken zijn. Wie in goede conditie verkeert en goed ter been is, kan vanaf de Maiskogel via de Alexander-Enzinger-Weg naar de Kitzsteinhorn wandelen.<\/p><p>Wij bieden een gratis wandelkaart aan. We geven u graag advies.<\/p><p>Er is ook een digitale wandelkaart van de regio (de Zell am See-Kaprun Tours-app). Deze biedt een uitstekend overzicht van de topografie, bergen en het landschap, en stelt gebruikers in staat om routes en tips in \u00e9\u00e9n kaartweergave te combineren.\u00a0<\/p>\t\t\t\t\t\t\t\t<\/div>\n\t\t\t\t<div class=\"elementor-element elementor-element-2d9f951 elementor-widget-mobile__width-initial elementor-widget__width-initial elementor-widget elementor-widget-image\" data-id=\"2d9f951\" data-element_type=\"widget\" data-e-type=\"widget\" data-widget_type=\"image.default\">\n\t\t\t\t\t\t\t\t\t\t\t\t\t\t\t<img decoding=\"async\" width=\"600\" height=\"400\" src=\"https:\/\/www.hauspiesendorf.com\/wp-content\/uploads\/2026\/03\/maiskogel_wandern_familie_seeblick-2.jpg\" class=\"attachment-full size-full wp-image-4091\" alt=\"\" srcset=\"https:\/\/www.hauspiesendorf.com\/wp-content\/uploads\/2026\/03\/maiskogel_wandern_familie_seeblick-2.jpg 600w, https:\/\/www.hauspiesendorf.com\/wp-content\/uploads\/2026\/03\/maiskogel_wandern_familie_seeblick-2-300x200.jpg 300w, https:\/\/www.hauspiesendorf.com\/wp-content\/uploads\/2026\/03\/maiskogel_wandern_familie_seeblick-2-18x12.jpg 18w\" sizes=\"(max-width: 600px) 100vw, 600px\" \/>\t\t\t\t\t\t\t\t\t\t\t\t\t\t\t<\/div>\n\t\t\t\t<div class=\"elementor-element elementor-element-902507b elementor-widget__width-initial elementor-widget-laptop__width-initial elementor-widget elementor-widget-text-editor\" data-id=\"902507b\" data-element_type=\"widget\" data-e-type=\"widget\" data-widget_type=\"text-editor.default\">\n\t\t\t\t\t\t\t\t\t<p class=\"translation-block\"><strong>Segway op tournee<\/strong><br> Beleef de ultieme sensatie en geniet van een Segway-tour door de bergen. Een unieke ervaring voor jong en oud. Diverse tours beschikbaar.<\/p><p class=\"translation-block\"><strong>Frisbeebaan op de Schmittenh\u00f6he in Zell am See<\/strong><br> Net als bij golf begin je bij de tee en eindig je bij de finishlijn. In plaats van een golfbal gooi je een frisbee. Er zijn in totaal 18 holes en je moet de finish bereiken met zo min mogelijk worpen. Het is de hoogste frisbeebaan van Europa. Van 1850 meter bergafwaarts naar 1400 meter. Een baan met een prachtig uitzicht op de Zellsee en het Hohe Tauern-gebergte.<\/p><p class=\"translation-block\"><strong>Yoga op een SUP-board of bergtop<br><\/strong> Yoga in de sportschool is een bekend fenomeen, maar wat is er nu mooier dan yoga in de buitenlucht? Yogadocente Lisa neemt je mee naar de mooiste locaties, zoals een bos, het strand of een open veld in de bergen met fantastische uitzichten.<\/p>\t\t\t\t\t\t\t\t<\/div>\n\t\t\t\t<div class=\"elementor-element elementor-element-5ba5496 elementor-widget-mobile__width-initial elementor-widget__width-initial elementor-widget elementor-widget-image\" data-id=\"5ba5496\" data-element_type=\"widget\" data-e-type=\"widget\" data-widget_type=\"image.default\">\n\t\t\t\t\t\t\t\t\t\t\t\t\t\t\t<img decoding=\"async\" width=\"600\" height=\"400\" src=\"https:\/\/www.hauspiesendorf.com\/wp-content\/uploads\/2026\/03\/yoga-auf-der-schmittenhohe-3.jpg\" class=\"attachment-full size-full wp-image-4093\" alt=\"\" srcset=\"https:\/\/www.hauspiesendorf.com\/wp-content\/uploads\/2026\/03\/yoga-auf-der-schmittenhohe-3.jpg 600w, https:\/\/www.hauspiesendorf.com\/wp-content\/uploads\/2026\/03\/yoga-auf-der-schmittenhohe-3-300x200.jpg 300w, https:\/\/www.hauspiesendorf.com\/wp-content\/uploads\/2026\/03\/yoga-auf-der-schmittenhohe-3-18x12.jpg 18w\" sizes=\"(max-width: 600px) 100vw, 600px\" \/>\t\t\t\t\t\t\t\t\t\t\t\t\t\t\t<\/div>\n\t\t\t\t<div class=\"elementor-element elementor-element-8ab1a54 elementor-widget__width-initial elementor-widget-laptop__width-initial elementor-widget elementor-widget-text-editor\" data-id=\"8ab1a54\" data-element_type=\"widget\" data-e-type=\"widget\" data-widget_type=\"text-editor.default\">\n\t\t\t\t\t\t\t\t\t<p>Van 24 juli tot en met 9 september worden er elke woensdag yogalessen gegeven op een berghelling. We verzamelen om 8:30 uur bij het kabelbaanstation. Als je al een kabelbaanticket hebt, kun je gratis deelnemen aan deze les van twee uur. Je geniet van een prachtig uitzicht op maar liefst 30 bergtoppen. Geweldig, toch?<\/p><p class=\"translation-block\"><strong>Spectaculaire licht- en geluidsshow in Zell am See<br><\/strong> Van eind mei tot half oktober vindt er op dinsdag, donderdag en zondag bij zonsondergang een fantastische show van 20 minuten plaats op het meer, met water, licht, lasers en geluid. De toegang is gratis.<\/p>\t\t\t\t\t\t\t\t<\/div>\n\t\t\t\t<div class=\"elementor-element elementor-element-12e3d76 elementor-widget-mobile__width-initial elementor-widget__width-initial elementor-widget elementor-widget-image\" data-id=\"12e3d76\" data-element_type=\"widget\" data-e-type=\"widget\" data-widget_type=\"image.default\">\n\t\t\t\t\t\t\t\t\t\t\t\t\t\t\t<img loading=\"lazy\" decoding=\"async\" width=\"600\" height=\"400\" src=\"https:\/\/www.hauspiesendorf.com\/wp-content\/uploads\/2026\/03\/zeller-seezauber-magic-lake-show-4.jpg\" class=\"attachment-full size-full wp-image-4094\" alt=\"\" srcset=\"https:\/\/www.hauspiesendorf.com\/wp-content\/uploads\/2026\/03\/zeller-seezauber-magic-lake-show-4.jpg 600w, https:\/\/www.hauspiesendorf.com\/wp-content\/uploads\/2026\/03\/zeller-seezauber-magic-lake-show-4-300x200.jpg 300w, https:\/\/www.hauspiesendorf.com\/wp-content\/uploads\/2026\/03\/zeller-seezauber-magic-lake-show-4-18x12.jpg 18w\" sizes=\"(max-width: 600px) 100vw, 600px\" \/>\t\t\t\t\t\t\t\t\t\t\t\t\t\t\t<\/div>\n\t\t\t\t<div class=\"elementor-element elementor-element-3778d95 elementor-widget__width-initial elementor-widget-laptop__width-initial elementor-widget elementor-widget-text-editor\" data-id=\"3778d95\" data-element_type=\"widget\" data-e-type=\"widget\" data-widget_type=\"text-editor.default\">\n\t\t\t\t\t\t\t\t\t<p><strong>Aantrekkelijke kortingskaart, SalzburgerLand Card\u00a0<\/strong><br \/>Wij bieden u een 6-daagse kortingskaart aan voor \u20ac 106,00 per volwassene en \u20ac 53,00 per kind. Het derde kind krijgt de kaart helemaal gratis. Met deze kaart krijgt u korting op of gratis toegang tot musea, skiliften, zwembaden, spa&#039;s, pretparken, rodelbanen en meer. U kunt ook genieten van een dagje Salzburg met gratis toegang tot het openbaar vervoer en de belangrijkste bezienswaardigheden van de stad. U verdient de kosten van deze kaart snel terug, want de kortingen zijn erg aantrekkelijk. Onder &quot;Bezienswaardigheden&quot; vindt u nog meer excursies en activiteiten voor het hele gezin.<\/p>\t\t\t\t\t\t\t\t<\/div>\n\t\t\t\t<div class=\"elementor-element elementor-element-c7ec02c elementor-widget-mobile__width-initial elementor-widget__width-initial elementor-widget elementor-widget-image\" data-id=\"c7ec02c\" data-element_type=\"widget\" data-e-type=\"widget\" data-widget_type=\"image.default\">\n\t\t\t\t\t\t\t\t\t\t\t\t\t\t\t\t<a href=\"https:\/\/www.josalzburg.com\/de\/aktivitaeten\/sommer\/salzburgerland-card.html\" target=\"_blank\" rel=\"noopener\">\n\t\t\t\t\t\t\t<img loading=\"lazy\" decoding=\"async\" width=\"600\" height=\"443\" src=\"https:\/\/www.hauspiesendorf.com\/wp-content\/uploads\/2026\/03\/sltcard_2017-klein_5.jpg\" class=\"attachment-full size-full wp-image-4092\" alt=\"\" srcset=\"https:\/\/www.hauspiesendorf.com\/wp-content\/uploads\/2026\/03\/sltcard_2017-klein_5.jpg 600w, https:\/\/www.hauspiesendorf.com\/wp-content\/uploads\/2026\/03\/sltcard_2017-klein_5-300x222.jpg 300w, https:\/\/www.hauspiesendorf.com\/wp-content\/uploads\/2026\/03\/sltcard_2017-klein_5-16x12.jpg 16w\" sizes=\"(max-width: 600px) 100vw, 600px\" \/>\t\t\t\t\t\t\t\t<\/a>\n\t\t\t\t\t\t\t\t\t\t\t\t\t\t\t<\/div>\n\t\t\t\t<\/div>\n\t\t\t\t<\/div>","protected":false},"excerpt":{"rendered":"<p>Wanderurlaub in Zell am See Piesendorf wird umgeben von wundersch\u00f6ner Natur mit zahlreichen Fu\u00dfwegen, die in h\u00f6here Teile der Berge [&hellip;]<\/p>\n","protected":false},"author":1,"featured_media":0,"parent":0,"menu_order":0,"comment_status":"closed","ping_status":"closed","template":"","meta":{"site-sidebar-layout":"no-sidebar","site-content-layout":"","ast-site-content-layout":"full-width-container","site-content-style":"default","site-sidebar-style":"default","ast-global-header-display":"","ast-banner-title-visibility":"","ast-main-header-display":"","ast-hfb-above-header-display":"","ast-hfb-below-header-display":"","ast-hfb-mobile-header-display":"","site-post-title":"disabled","ast-breadcrumbs-content":"","ast-featured-img":"disabled","footer-sml-layout":"","ast-disable-related-posts":"","theme-transparent-header-meta":"","adv-header-id-meta":"","stick-header-meta":"","header-above-stick-meta":"","header-main-stick-meta":"","header-below-stick-meta":"","astra-migrate-meta-layouts":"default","ast-page-background-enabled":"default","ast-page-background-meta":{"desktop":{"background-color":"var(--ast-global-color-5)","background-image":"","background-repeat":"repeat","background-position":"center center","background-size":"auto","background-attachment":"scroll","background-type":"","background-media":"","overlay-type":"","overlay-color":"","overlay-opacity":"","overlay-gradient":""},"tablet":{"background-color":"","background-image":"","background-repeat":"repeat","background-position":"center center","background-size":"auto","background-attachment":"scroll","background-type":"","background-media":"","overlay-type":"","overlay-color":"","overlay-opacity":"","overlay-gradient":""},"mobile":{"background-color":"","background-image":"","background-repeat":"repeat","background-position":"center center","background-size":"auto","background-attachment":"scroll","background-type":"","background-media":"","overlay-type":"","overlay-color":"","overlay-opacity":"","overlay-gradient":""}},"ast-content-background-meta":{"desktop":{"background-color":"var(--ast-global-color-4)","background-image":"","background-repeat":"repeat","background-position":"center center","background-size":"auto","background-attachment":"scroll","background-type":"","background-media":"","overlay-type":"","overlay-color":"","overlay-opacity":"","overlay-gradient":""},"tablet":{"background-color":"var(--ast-global-color-4)","background-image":"","background-repeat":"repeat","background-position":"center center","background-size":"auto","background-attachment":"scroll","background-type":"","background-media":"","overlay-type":"","overlay-color":"","overlay-opacity":"","overlay-gradient":""},"mobile":{"background-color":"var(--ast-global-color-4)","background-image":"","background-repeat":"repeat","background-position":"center center","background-size":"auto","background-attachment":"scroll","background-type":"","background-media":"","overlay-type":"","overlay-color":"","overlay-opacity":"","overlay-gradient":""}},"footnotes":""},"class_list":["post-1345","page","type-page","status-publish","hentry"],"_links":{"self":[{"href":"https:\/\/www.hauspiesendorf.com\/nl\/wp-json\/wp\/v2\/pages\/1345","targetHints":{"allow":["GET"]}}],"collection":[{"href":"https:\/\/www.hauspiesendorf.com\/nl\/wp-json\/wp\/v2\/pages"}],"about":[{"href":"https:\/\/www.hauspiesendorf.com\/nl\/wp-json\/wp\/v2\/types\/page"}],"author":[{"embeddable":true,"href":"https:\/\/www.hauspiesendorf.com\/nl\/wp-json\/wp\/v2\/users\/1"}],"replies":[{"embeddable":true,"href":"https:\/\/www.hauspiesendorf.com\/nl\/wp-json\/wp\/v2\/comments?post=1345"}],"version-history":[{"count":19,"href":"https:\/\/www.hauspiesendorf.com\/nl\/wp-json\/wp\/v2\/pages\/1345\/revisions"}],"predecessor-version":[{"id":4155,"href":"https:\/\/www.hauspiesendorf.com\/nl\/wp-json\/wp\/v2\/pages\/1345\/revisions\/4155"}],"wp:attachment":[{"href":"https:\/\/www.hauspiesendorf.com\/nl\/wp-json\/wp\/v2\/media?parent=1345"}],"curies":[{"name":"wp","href":"https:\/\/api.w.org\/{rel}","templated":true}]}}