{"id":1347,"date":"2026-01-06T15:18:20","date_gmt":"2026-01-06T15:18:20","guid":{"rendered":"https:\/\/piesendorf.layout-idee.de\/?page_id=1347"},"modified":"2026-03-15T11:08:33","modified_gmt":"2026-03-15T11:08:33","slug":"activiteiten-voor-kinderen","status":"publish","type":"page","link":"https:\/\/www.hauspiesendorf.com\/nl\/aktivitaeten-fuer-kinder\/","title":{"rendered":"Activiteiten voor kinderen"},"content":{"rendered":"<div data-elementor-type=\"wp-page\" data-elementor-id=\"1347\" class=\"elementor elementor-1347\" data-elementor-post-type=\"page\">\n\t\t\t\t<div class=\"elementor-element elementor-element-66dc72da e-con-full e-flex e-con e-parent\" data-id=\"66dc72da\" data-element_type=\"container\" data-e-type=\"container\" data-settings=\"{&quot;background_background&quot;:&quot;classic&quot;}\">\n\t\t\t\t<div class=\"elementor-element elementor-element-1ed0cf4c elementor-widget elementor-widget-heading\" data-id=\"1ed0cf4c\" data-element_type=\"widget\" data-e-type=\"widget\" data-widget_type=\"heading.default\">\n\t\t\t\t\t<h2 class=\"elementor-heading-title elementor-size-default\">Zomerplezier voor kinderen in de regio Salzburg-Pinzgau<\/h2>\t\t\t\t<\/div>\n\t\t\t\t<\/div>\n\t\t<div class=\"elementor-element elementor-element-45cd92cc e-con-full e-flex e-con e-parent\" data-id=\"45cd92cc\" data-element_type=\"container\" data-e-type=\"container\" data-settings=\"{&quot;background_background&quot;:&quot;classic&quot;}\">\n\t\t\t\t<div class=\"elementor-element elementor-element-17cff4b2 elementor-widget__width-initial elementor-widget elementor-widget-text-editor\" data-id=\"17cff4b2\" data-element_type=\"widget\" data-e-type=\"widget\" data-widget_type=\"text-editor.default\">\n\t\t\t\t\t\t\t\t\t<p>Als uw kinderen van hun vakantie genieten, wordt uw vakantie ook een succes. Ons huis is ideaal voor gezinnen met kinderen van alle leeftijden. Onze tuin is voorzien van diverse speeltoestellen voor kinderen, waaronder een speelhuisje met klimwand en glijbaan, een professionele trampoline met maar liefst vier springvlakken en veiligheidsnetten, en een nestschommel. Voor sportliefhebbers is er een pingpongtafel, een voetbalveld, badminton-, volleybal- en basketbalvelden. Voor degenen die liever toekijken, is er een comfortabele picknicktafel en een aantal ligstoelen.<\/p><p>Zell am See-Kaprun is helaas minder bekend als zomervakantiebestemming. Wist u dat gezinnen met kinderen hier een fantastische zomervakantie kunnen beleven? De sprookjesachtige ligging van de twee dorpjes aan de Zellsee, omgeven door majestueuze bergtoppen, maakt de bestemming tot een vakantie- en speelparadijs, vooral voor actieve gezinnen die op zoek zijn naar avontuur en actie. Wat heeft de omgeving van Zell am See te bieden?<\/p><p><strong>Uitgebreid entertainmentprogramma voor kinderen<\/strong><strong><br \/><\/strong>Van mei tot oktober zijn er tal van leuke activiteiten voor kinderen van 5 tot 16 jaar. Ze zullen zich hier zeker niet vervelen. Er wordt een breed scala aan activiteiten aangeboden.\u00a0<\/p><p><strong>Familiewandeling met lama&#039;s<\/strong><br \/>Een lama-wandeling in Kaprun, onder begeleiding van een echte lama-expert. Kinderen kunnen hun eigen lama verzorgen en toezicht houden. De lama&#039;s dragen de bagage; kinderen mogen er niet op rijden.<br \/>Een heerlijke wandeling door het platteland van Kaprun, waarbij de kinderen maar \u00e9\u00e9n taak hebben: de lama&#039;s mogen onderweg niet eten. We lassen een pauze in tijdens de wandeling, zodat de kinderen naar goud kunnen zoeken. De wandeling kost ongeveer \u20ac55 voor het hele gezin.<\/p>\t\t\t\t\t\t\t\t<\/div>\n\t\t\t\t<div class=\"elementor-element elementor-element-25abd5c5 elementor-widget-mobile__width-initial elementor-widget__width-initial elementor-widget elementor-widget-image\" data-id=\"25abd5c5\" data-element_type=\"widget\" data-e-type=\"widget\" data-widget_type=\"image.default\">\n\t\t\t\t\t\t\t\t\t\t\t\t\t\t\t<img fetchpriority=\"high\" decoding=\"async\" width=\"600\" height=\"400\" src=\"https:\/\/www.hauspiesendorf.com\/wp-content\/uploads\/2026\/03\/sommer-kinderprogramm-lama-wanderung-zum-klammsee-kaprun-1.jpg\" class=\"attachment-full size-full wp-image-4164\" alt=\"\" srcset=\"https:\/\/www.hauspiesendorf.com\/wp-content\/uploads\/2026\/03\/sommer-kinderprogramm-lama-wanderung-zum-klammsee-kaprun-1.jpg 600w, https:\/\/www.hauspiesendorf.com\/wp-content\/uploads\/2026\/03\/sommer-kinderprogramm-lama-wanderung-zum-klammsee-kaprun-1-300x200.jpg 300w, https:\/\/www.hauspiesendorf.com\/wp-content\/uploads\/2026\/03\/sommer-kinderprogramm-lama-wanderung-zum-klammsee-kaprun-1-18x12.jpg 18w\" sizes=\"(max-width: 600px) 100vw, 600px\" \/>\t\t\t\t\t\t\t\t\t\t\t\t\t\t\t<\/div>\n\t\t\t\t<div class=\"elementor-element elementor-element-5d35b02e elementor-widget-laptop__width-initial elementor-widget__width-initial elementor-widget elementor-widget-text-editor\" data-id=\"5d35b02e\" data-element_type=\"widget\" data-e-type=\"widget\" data-widget_type=\"text-editor.default\">\n\t\t\t\t\t\t\t\t\t<p><strong>Forelvissen in Rauris<\/strong><br \/>Een fantastische activiteit voor het hele gezin. Je kunt de forellen zien zwemmen en een hengel met aas huren (\u20ac5). Probeer zoveel mogelijk forellen te vangen, koop ze vervolgens en neem ze mee naar huis. Je betaalt ongeveer \u20ac14 per kilo. De ingewanden worden er direct uitgehaald en je kunt de vis thuis klaarmaken.<br \/>Je kunt je vers gevangen vis ook laten bereiden in het restaurant op het terrein. Bij de visvijver zijn gidsen aanwezig die alles uitleggen en je helpen. Zelfs als je niet bekend bent met vissen, is het echt leuk om het eens te proberen.<br \/>Er is een leuke speeltuin voor de kinderen en een echte kinderboerderij met lama&#039;s, paarden en konijnen. Een heerlijk dagje uit voor het hele gezin.<\/p><p class=\"translation-block\"><strong>Raften voor het hele gezin<br><\/strong> Een echte raftingtocht op de Salzach voor de echte avonturier. Voor kinderen vanaf 8 jaar met een zwemdiploma. Een introductietocht van ongeveer 3 uur, inclusief uitrusting en een certificaat, voor \u20ac 29 per persoon.<br> <a title=\"Meer over raften\" href=\"https:\/\/www.hauspiesendorf.com\/nl\/de\/blog\/entdecken-sie-die-umgebung-auf-spektakulaere-weise-rafting\/\" target=\"_blank\" rel=\"noopener\">Meer over raften<\/a><\/p>\t\t\t\t\t\t\t\t<\/div>\n\t\t\t\t<div class=\"elementor-element elementor-element-6da4e351 elementor-widget-mobile__width-initial elementor-widget__width-initial elementor-widget elementor-widget-image\" data-id=\"6da4e351\" data-element_type=\"widget\" data-e-type=\"widget\" data-widget_type=\"image.default\">\n\t\t\t\t\t\t\t\t\t\t\t\t\t\t\t<img decoding=\"async\" width=\"550\" height=\"309\" src=\"https:\/\/www.hauspiesendorf.com\/wp-content\/uploads\/2026\/03\/wild-water-rafting-tour-2.jpg\" class=\"attachment-full size-full wp-image-4165\" alt=\"\" srcset=\"https:\/\/www.hauspiesendorf.com\/wp-content\/uploads\/2026\/03\/wild-water-rafting-tour-2.jpg 550w, https:\/\/www.hauspiesendorf.com\/wp-content\/uploads\/2026\/03\/wild-water-rafting-tour-2-300x169.jpg 300w, https:\/\/www.hauspiesendorf.com\/wp-content\/uploads\/2026\/03\/wild-water-rafting-tour-2-18x10.jpg 18w\" sizes=\"(max-width: 550px) 100vw, 550px\" \/>\t\t\t\t\t\t\t\t\t\t\t\t\t\t\t<\/div>\n\t\t\t\t<div class=\"elementor-element elementor-element-4b2cedc5 elementor-widget__width-initial elementor-widget-laptop__width-initial elementor-widget elementor-widget-text-editor\" data-id=\"4b2cedc5\" data-element_type=\"widget\" data-e-type=\"widget\" data-widget_type=\"text-editor.default\">\n\t\t\t\t\t\t\t\t\t<p class=\"translation-block\"><strong>Boogschieten voor het hele gezin<br><\/strong> Elke woensdag van 9:00 tot 12:00 worden er proeflessen voor het hele gezin aangeboden in recreatiegebied Niedernsill \u2013 de lessen zijn gratis met onze Fun+Card!<\/p><p class=\"translation-block\"><strong>Spooktrein door het bos<\/strong> (kinderen vanaf 6 jaar)<br> Elke donderdag in juli en augustus<br> We cre\u00ebren een magisch nachtelijk bos met mysterieuze lichtjes, wilde figuren en griezelige geluiden en melodie\u00ebn.<br> Om 21:00 uur zijn alle (dappere) ouders, broers, zussen en vrienden uitgenodigd om mee te rijden in de spooktrein door het bos. Een onvergetelijk avontuur voor het hele gezin!<\/p><p><strong>Rodenln - 100% Plezier gegarandeerd voor het hele gezin<\/strong><br \/>Bij een familievakantie denk je al snel aan rodelen, en niet alleen kinderen vinden het geweldig. Rodelen is natuurlijk een winteractiviteit. Maar niet in Zell am See-Kaprun. Naast talloze winterrodelbanen hebben we hier ook een rodelbaan die het hele jaar door geopend is: de &quot;Maisiflitzer&quot; bij het dalstation van de MK Maiskogelbahn-kabelbaan in het centrum van Kaprun. Je stapt in een rodel, rijdt naar het startpunt en raast vervolgens, net als in een achtbaan, naar beneden over bruggen, golven, door scherpe bochten en hellingen. Je kunt met een snelheid tot wel 40 km\/u over de 1300 meter lange baan razen \u2013 en je bepaalt zelf je snelheid. Deze adrenalinekick kun je alleen of met een partner beleven in een tweepersoonsrodel.<\/p>\t\t\t\t\t\t\t\t<\/div>\n\t\t\t\t<div class=\"elementor-element elementor-element-65aa69bb elementor-widget-mobile__width-initial elementor-widget__width-initial elementor-widget elementor-widget-image\" data-id=\"65aa69bb\" data-element_type=\"widget\" data-e-type=\"widget\" data-widget_type=\"image.default\">\n\t\t\t\t\t\t\t\t\t\t\t\t\t\t\t<img decoding=\"async\" width=\"600\" height=\"400\" src=\"https:\/\/www.hauspiesendorf.com\/wp-content\/uploads\/2026\/03\/maiskogel_maisiflitzer-3.jpg\" class=\"attachment-full size-full wp-image-4166\" alt=\"\" srcset=\"https:\/\/www.hauspiesendorf.com\/wp-content\/uploads\/2026\/03\/maiskogel_maisiflitzer-3.jpg 600w, https:\/\/www.hauspiesendorf.com\/wp-content\/uploads\/2026\/03\/maiskogel_maisiflitzer-3-300x200.jpg 300w, https:\/\/www.hauspiesendorf.com\/wp-content\/uploads\/2026\/03\/maiskogel_maisiflitzer-3-18x12.jpg 18w\" sizes=\"(max-width: 600px) 100vw, 600px\" \/>\t\t\t\t\t\t\t\t\t\t\t\t\t\t\t<\/div>\n\t\t\t\t<div class=\"elementor-element elementor-element-411d9e9d elementor-widget__width-initial elementor-widget-laptop__width-initial elementor-widget elementor-widget-text-editor\" data-id=\"411d9e9d\" data-element_type=\"widget\" data-e-type=\"widget\" data-widget_type=\"text-editor.default\">\n\t\t\t\t\t\t\t\t\t<p class=\"translation-block\"><strong>Zomerrodelbaan bij Biberg in Saalfelden<\/strong><br> Plezier voor het hele gezin is gegarandeerd op de 1,6 km lange zomerrodelbaan van Biberg in Saalfelden. Stap in, trek aan de hendel en daar ga je! Tijdens de actievolle afdaling overbrug je 345 meter hoogteverschil, navigeer je door 61 leuke bochten en bedwing je 3 supersprongen. Of je nu een snelheidsduivel bent of liever rustig aan doet, met de hendel bepaal je eenvoudig je eigen tempo.<\/p><p class=\"translation-block\"><strong>Kinderfietsen<\/strong><br> We leren kinderen vanaf 7 jaar op een leuke en speelse manier mountainbiken in ons Bike-In trainingspark. Uiteraard krijgt elk kind een echt mountainbike-brevet! Duur: ca. 1,5 uur. Prijs: \u20ac 20,00. Inclusief mountainbike. Voor kinderen vanaf 10 jaar die het echte mountainbiken willen ervaren, bieden we een kinderfietstour aan. Duur: ca. 2,5 uur. Prijs: \u20ac 22,00. Inclusief mountainbike.<\/p><p class=\"translation-block\"><strong>IJsbaan Kitzsteinhorn: Plezier voor het hele gezin in de zomersneeuw<br><\/strong> Dankzij de ultramoderne kabelbanen van de Kitzsteinhorn is de ijsbaan in de zomermaanden gemakkelijk bereikbaar voor avonturiers van alle leeftijden.<br> Slee\u00ebn en sneeuwplezier in de zomer op de gletsjer op 3000 meter hoogte. Met slee\u00ebn en rodelbanen die ter plaatse gratis te leen zijn, suis je de witte gletsjerhelling af en laat je je vervolgens gewoon terugbrengen naar het begin. Of het nu gaat om een sneeuwballengevecht, spannende glijpartijen over glooiende sneeuwhellingen, avontuurlijke wandelingen over het beveiligde gletsjerpad of ontspannen en afkoelen in de ligstoelen op het gletsjerplateau \u2013 in de ijsarena op de Kitzsteinhorn-gletsjer kunnen families en natuurliefhebbers hun zomerse sneeuwplezier beleven.<\/p>\t\t\t\t\t\t\t\t<\/div>\n\t\t\t\t<div class=\"elementor-element elementor-element-4a77dc23 elementor-widget-mobile__width-initial elementor-widget__width-initial elementor-widget elementor-widget-image\" data-id=\"4a77dc23\" data-element_type=\"widget\" data-e-type=\"widget\" data-widget_type=\"image.default\">\n\t\t\t\t\t\t\t\t\t\t\t\t\t\t\t<img loading=\"lazy\" decoding=\"async\" width=\"600\" height=\"400\" src=\"https:\/\/www.hauspiesendorf.com\/wp-content\/uploads\/2026\/03\/gbk_ice_arena_4.jpg\" class=\"attachment-full size-full wp-image-4167\" alt=\"\" srcset=\"https:\/\/www.hauspiesendorf.com\/wp-content\/uploads\/2026\/03\/gbk_ice_arena_4.jpg 600w, https:\/\/www.hauspiesendorf.com\/wp-content\/uploads\/2026\/03\/gbk_ice_arena_4-300x200.jpg 300w, https:\/\/www.hauspiesendorf.com\/wp-content\/uploads\/2026\/03\/gbk_ice_arena_4-18x12.jpg 18w\" sizes=\"(max-width: 600px) 100vw, 600px\" \/>\t\t\t\t\t\t\t\t\t\t\t\t\t\t\t<\/div>\n\t\t\t\t<div class=\"elementor-element elementor-element-4bf2ccb elementor-widget__width-initial elementor-widget-laptop__width-initial elementor-widget elementor-widget-text-editor\" data-id=\"4bf2ccb\" data-element_type=\"widget\" data-e-type=\"widget\" data-widget_type=\"text-editor.default\">\n\t\t\t\t\t\t\t\t\t<p>Terwijl andere gasten zwemmen in het kristalheldere meer van Zell in het dal, juichen mensen in de ijsbaan tijdens een sneeuwballengevecht, bouwen ze sneeuwpoppen of koelen ze af tijdens een ontspannende pauze in een ligstoel.<\/p><p class=\"translation-block\"><strong>Schmidolins vuurdoop<\/strong><br> Wie zegt dat wandelen saai is? Niet met Schmidolin op de Schmittenh\u00f6he in Zell am See! Lastige opdrachten, gewaagde uitdagingen en vragen wachten je op zijn tocht door het bos. Schmidolin is nog te klein om vuur te spuwen \u2013 kun jij hem helpen? Noteer al je antwoorden en opdrachten in het avonturenpaspoort en word Schmidolins beste vriend. De Schmidolin-route is inbegrepen bij het kabelbaanticket naar de Areit. <a title=\"8 tips voor een wandeling met kinderen\" href=\"https:\/\/www.hauspiesendorf.com\/nl\/de\/blog\/8-tipps-zum-wandern-mit-kindern-in-oesterreich\/\" target=\"_blank\" rel=\"noopener\">8 tips voor wandelen met kinderen<\/a><\/p>\t\t\t\t\t\t\t\t<\/div>\n\t\t\t\t<div class=\"elementor-element elementor-element-ed7b5d5 elementor-widget-mobile__width-initial elementor-widget__width-initial elementor-widget elementor-widget-image\" data-id=\"ed7b5d5\" data-element_type=\"widget\" data-e-type=\"widget\" data-widget_type=\"image.default\">\n\t\t\t\t\t\t\t\t\t\t\t\t\t\t\t<img loading=\"lazy\" decoding=\"async\" width=\"600\" height=\"400\" src=\"https:\/\/www.hauspiesendorf.com\/wp-content\/uploads\/2026\/03\/Schmitten__5.jpg\" class=\"attachment-full size-full wp-image-4168\" alt=\"\" srcset=\"https:\/\/www.hauspiesendorf.com\/wp-content\/uploads\/2026\/03\/Schmitten__5.jpg 600w, https:\/\/www.hauspiesendorf.com\/wp-content\/uploads\/2026\/03\/Schmitten__5-300x200.jpg 300w, https:\/\/www.hauspiesendorf.com\/wp-content\/uploads\/2026\/03\/Schmitten__5-18x12.jpg 18w\" sizes=\"(max-width: 600px) 100vw, 600px\" \/>\t\t\t\t\t\t\t\t\t\t\t\t\t\t\t<\/div>\n\t\t\t\t<div class=\"elementor-element elementor-element-5b32c41 elementor-widget__width-initial elementor-widget-laptop__width-initial elementor-widget elementor-widget-text-editor\" data-id=\"5b32c41\" data-element_type=\"widget\" data-e-type=\"widget\" data-widget_type=\"text-editor.default\">\n\t\t\t\t\t\t\t\t\t<p><strong>Mystiek Bos: Een wandelavontuur voor het hele gezin<\/strong><br \/>Ongerepte natuur en schitterende berggezichten gecombineerd met spannende interactieve stations: dat is de themawandelroute &quot;Mystiek Bos&quot; op de Schmittenh\u00f6he in Zell am See-Kaprun. Bij verschillende stations kunnen bezoekers van alle leeftijden mystieke verhalen en legendes ontdekken en mythen uit de Pinzgau-regio verkennen. Het hoogtepunt is de avonturenspeeltuin &quot;Witte Hert&quot;. Deze gemakkelijke avonturenroute van 1,2 km biedt fantastische uitzichten en is ideaal voor gezinnen. De route eindigt bij de avonturenspeeltuin &quot;Witte Hert&quot; vlakbij de Schmiedhofalm.<\/p><p class=\"translation-block\"><strong>Plezier in bad<br><\/strong> In het dorp Niedernsill bevindt zich een zwemmeer, en als onze gast is de toegang tot dit meer gratis. Ook het openluchtbad Hinkelstein in Piesendorf is gratis toegankelijk voor onze gasten. Het openluchtbad Hinkelstein in Piesendorf beschikt over een sportbad, een avonturenbad, een kinderbad en een peuterbad, allemaal gevuld met 820.000 liter door de zon verwarmd bronwater, wat zorgt voor een comfortabele watertemperatuur van 24\u00b0C voor ouders en kinderen. Het openluchtbad heeft ook een speeltuin en een waterglijbaan. Bovendien ligt het openluchtbad Hinkelstein direct naast het Piesendorf Funpark, een van de grootste recreatiecentra van Salzburg.<\/p>\t\t\t\t\t\t\t\t<\/div>\n\t\t\t\t<\/div>\n\t\t\t\t<\/div>","protected":false},"excerpt":{"rendered":"<p>Sommerspa\u00df f\u00fcr Kids im Salzburger Pinzgau Wenn Ihre Kinder den Urlaub genie\u00dfen, ist auch Ihr Urlaub erfolgreich. Unser Haus ist [&hellip;]<\/p>\n","protected":false},"author":1,"featured_media":0,"parent":0,"menu_order":0,"comment_status":"closed","ping_status":"closed","template":"","meta":{"site-sidebar-layout":"no-sidebar","site-content-layout":"","ast-site-content-layout":"full-width-container","site-content-style":"default","site-sidebar-style":"default","ast-global-header-display":"","ast-banner-title-visibility":"","ast-main-header-display":"","ast-hfb-above-header-display":"","ast-hfb-below-header-display":"","ast-hfb-mobile-header-display":"","site-post-title":"disabled","ast-breadcrumbs-content":"","ast-featured-img":"disabled","footer-sml-layout":"","ast-disable-related-posts":"","theme-transparent-header-meta":"","adv-header-id-meta":"","stick-header-meta":"","header-above-stick-meta":"","header-main-stick-meta":"","header-below-stick-meta":"","astra-migrate-meta-layouts":"default","ast-page-background-enabled":"default","ast-page-background-meta":{"desktop":{"background-color":"var(--ast-global-color-5)","background-image":"","background-repeat":"repeat","background-position":"center center","background-size":"auto","background-attachment":"scroll","background-type":"","background-media":"","overlay-type":"","overlay-color":"","overlay-opacity":"","overlay-gradient":""},"tablet":{"background-color":"","background-image":"","background-repeat":"repeat","background-position":"center center","background-size":"auto","background-attachment":"scroll","background-type":"","background-media":"","overlay-type":"","overlay-color":"","overlay-opacity":"","overlay-gradient":""},"mobile":{"background-color":"","background-image":"","background-repeat":"repeat","background-position":"center center","background-size":"auto","background-attachment":"scroll","background-type":"","background-media":"","overlay-type":"","overlay-color":"","overlay-opacity":"","overlay-gradient":""}},"ast-content-background-meta":{"desktop":{"background-color":"var(--ast-global-color-4)","background-image":"","background-repeat":"repeat","background-position":"center center","background-size":"auto","background-attachment":"scroll","background-type":"","background-media":"","overlay-type":"","overlay-color":"","overlay-opacity":"","overlay-gradient":""},"tablet":{"background-color":"var(--ast-global-color-4)","background-image":"","background-repeat":"repeat","background-position":"center center","background-size":"auto","background-attachment":"scroll","background-type":"","background-media":"","overlay-type":"","overlay-color":"","overlay-opacity":"","overlay-gradient":""},"mobile":{"background-color":"var(--ast-global-color-4)","background-image":"","background-repeat":"repeat","background-position":"center center","background-size":"auto","background-attachment":"scroll","background-type":"","background-media":"","overlay-type":"","overlay-color":"","overlay-opacity":"","overlay-gradient":""}},"footnotes":""},"class_list":["post-1347","page","type-page","status-publish","hentry"],"_links":{"self":[{"href":"https:\/\/www.hauspiesendorf.com\/nl\/wp-json\/wp\/v2\/pages\/1347","targetHints":{"allow":["GET"]}}],"collection":[{"href":"https:\/\/www.hauspiesendorf.com\/nl\/wp-json\/wp\/v2\/pages"}],"about":[{"href":"https:\/\/www.hauspiesendorf.com\/nl\/wp-json\/wp\/v2\/types\/page"}],"author":[{"embeddable":true,"href":"https:\/\/www.hauspiesendorf.com\/nl\/wp-json\/wp\/v2\/users\/1"}],"replies":[{"embeddable":true,"href":"https:\/\/www.hauspiesendorf.com\/nl\/wp-json\/wp\/v2\/comments?post=1347"}],"version-history":[{"count":16,"href":"https:\/\/www.hauspiesendorf.com\/nl\/wp-json\/wp\/v2\/pages\/1347\/revisions"}],"predecessor-version":[{"id":4191,"href":"https:\/\/www.hauspiesendorf.com\/nl\/wp-json\/wp\/v2\/pages\/1347\/revisions\/4191"}],"wp:attachment":[{"href":"https:\/\/www.hauspiesendorf.com\/nl\/wp-json\/wp\/v2\/media?parent=1347"}],"curies":[{"name":"wp","href":"https:\/\/api.w.org\/{rel}","templated":true}]}}